{"id":16616,"date":"2025-05-28T12:14:19","date_gmt":"2025-05-28T12:14:19","guid":{"rendered":"https:\/\/demo.cdup.pt\/?post_type=product&#038;p=16616"},"modified":"2026-02-20T08:52:53","modified_gmt":"2026-02-20T08:52:53","slug":"sweatshirt-verde-com-capuz","status":"publish","type":"product","link":"https:\/\/www.cdup.pt\/?product=sweatshirt-verde-com-capuz","title":{"rendered":"Sweatshirt Verde CDUP"},"content":{"rendered":"<p class=\"p1\">Sweatshirt de cor com capuz, felpa cardada, 60% algod\u00e3o\/40% poli\u00e9ster, 270grs, personaliza\u00e7\u00e3o frente e costas a 1 cor<\/p>\n<p><img loading=\"lazy\" decoding=\"async\" class=\"alignnone size-medium wp-image-16607\" src=\"https:\/\/demo.cdup.pt\/wp-content\/uploads\/2025\/05\/Screenshot-2025-05-22-at-15.17.33-1-279x300.png\" alt=\"\" width=\"279\" height=\"300\" srcset=\"https:\/\/www.cdup.pt\/wp-content\/uploads\/2025\/05\/Screenshot-2025-05-22-at-15.17.33-1-279x300.png 279w, https:\/\/www.cdup.pt\/wp-content\/uploads\/2025\/05\/Screenshot-2025-05-22-at-15.17.33-1.png 530w\" sizes=\"auto, (max-width: 279px) 100vw, 279px\" \/><\/p>\n","protected":false},"excerpt":{"rendered":"<p class=\"p1\">Sweatshirt de cor com capuz, felpa cardada, 60% algod\u00e3o\/40% poli\u00e9ster, 270grs, personaliza\u00e7\u00e3o frente e costas a 1 cor<\/p>\n","protected":false},"featured_media":16607,"comment_status":"open","ping_status":"closed","template":"","meta":{"_acf_changed":false},"product_brand":[],"product_cat":[38,37],"product_tag":[],"class_list":{"0":"post-16616","1":"product","2":"type-product","3":"status-publish","4":"has-post-thumbnail","6":"product_cat-material","7":"product_cat-merchandising","9":"first","10":"instock","11":"shipping-taxable","12":"product-type-simple"},"mb":[],"acf":[],"featured_image_url":{"thumbnail":"https:\/\/www.cdup.pt\/wp-content\/uploads\/2025\/05\/Screenshot-2025-05-22-at-15.17.33-1-150x150.png","medium":"https:\/\/www.cdup.pt\/wp-content\/uploads\/2025\/05\/Screenshot-2025-05-22-at-15.17.33-1-279x300.png","medium_large":"https:\/\/www.cdup.pt\/wp-content\/uploads\/2025\/05\/Screenshot-2025-05-22-at-15.17.33-1.png","large":"https:\/\/www.cdup.pt\/wp-content\/uploads\/2025\/05\/Screenshot-2025-05-22-at-15.17.33-1.png","1536x1536":"https:\/\/www.cdup.pt\/wp-content\/uploads\/2025\/05\/Screenshot-2025-05-22-at-15.17.33-1.png","2048x2048":"https:\/\/www.cdup.pt\/wp-content\/uploads\/2025\/05\/Screenshot-2025-05-22-at-15.17.33-1.png","woocommerce_thumbnail":"https:\/\/www.cdup.pt\/wp-content\/uploads\/2025\/05\/Screenshot-2025-05-22-at-15.17.33-1-300x300.png","woocommerce_single":"https:\/\/www.cdup.pt\/wp-content\/uploads\/2025\/05\/Screenshot-2025-05-22-at-15.17.33-1.png","woocommerce_gallery_thumbnail":"https:\/\/www.cdup.pt\/wp-content\/uploads\/2025\/05\/Screenshot-2025-05-22-at-15.17.33-1-100x100.png"},"post_author":"","assigned_categories":"simple, Material, merchandising","jetpack_sharing_enabled":true,"mfb_rest_fields":["title","featured_image_url","post_author","assigned_categories","jetpack_sharing_enabled"],"_links":{"self":[{"href":"https:\/\/www.cdup.pt\/index.php?rest_route=\/wp\/v2\/product\/16616","targetHints":{"allow":["GET"]}}],"collection":[{"href":"https:\/\/www.cdup.pt\/index.php?rest_route=\/wp\/v2\/product"}],"about":[{"href":"https:\/\/www.cdup.pt\/index.php?rest_route=\/wp\/v2\/types\/product"}],"replies":[{"embeddable":true,"href":"https:\/\/www.cdup.pt\/index.php?rest_route=%2Fwp%2Fv2%2Fcomments&post=16616"}],"wp:featuredmedia":[{"embeddable":true,"href":"https:\/\/www.cdup.pt\/index.php?rest_route=\/wp\/v2\/media\/16607"}],"wp:attachment":[{"href":"https:\/\/www.cdup.pt\/index.php?rest_route=%2Fwp%2Fv2%2Fmedia&parent=16616"}],"wp:term":[{"taxonomy":"product_brand","embeddable":true,"href":"https:\/\/www.cdup.pt\/index.php?rest_route=%2Fwp%2Fv2%2Fproduct_brand&post=16616"},{"taxonomy":"product_cat","embeddable":true,"href":"https:\/\/www.cdup.pt\/index.php?rest_route=%2Fwp%2Fv2%2Fproduct_cat&post=16616"},{"taxonomy":"product_tag","embeddable":true,"href":"https:\/\/www.cdup.pt\/index.php?rest_route=%2Fwp%2Fv2%2Fproduct_tag&post=16616"}],"curies":[{"name":"wp","href":"https:\/\/api.w.org\/{rel}","templated":true}]}}