{"id":16612,"date":"2025-05-28T15:01:10","date_gmt":"2025-05-28T15:01:10","guid":{"rendered":"https:\/\/demo.cdup.pt\/?post_type=product&#038;p=16612"},"modified":"2025-11-26T15:45:46","modified_gmt":"2025-11-26T15:45:46","slug":"t-shirt-branca-cdup","status":"publish","type":"product","link":"https:\/\/www.cdup.pt\/?product=t-shirt-branca-cdup","title":{"rendered":"T-Shirt Branca CDUP"},"content":{"rendered":"<p class=\"p1\">T-shrirt branca 155grs, 100% algod\u00e3o, personaliza\u00e7\u00e3o frente e costas a 1 cor Verde<\/p>\n<p><img loading=\"lazy\" decoding=\"async\" class=\"alignnone size-medium wp-image-16613\" src=\"https:\/\/demo.cdup.pt\/wp-content\/uploads\/2025\/05\/Screenshot-2025-05-22-at-15.17.48-300x296.png\" alt=\"\" width=\"300\" height=\"296\" srcset=\"https:\/\/www.cdup.pt\/wp-content\/uploads\/2025\/05\/Screenshot-2025-05-22-at-15.17.48-300x296.png 300w, https:\/\/www.cdup.pt\/wp-content\/uploads\/2025\/05\/Screenshot-2025-05-22-at-15.17.48-100x100.png 100w, https:\/\/www.cdup.pt\/wp-content\/uploads\/2025\/05\/Screenshot-2025-05-22-at-15.17.48.png 500w\" sizes=\"auto, (max-width: 300px) 100vw, 300px\" \/><\/p>\n","protected":false},"excerpt":{"rendered":"<p class=\"p1\">T-shrirt branca 155grs, 100% algod\u00e3o, personaliza\u00e7\u00e3o frente e costas a 1 cor<\/p>\n","protected":false},"featured_media":16613,"comment_status":"open","ping_status":"closed","template":"","meta":{"_acf_changed":false},"product_brand":[],"product_cat":[38,37],"product_tag":[],"class_list":{"0":"post-16612","1":"product","2":"type-product","3":"status-publish","4":"has-post-thumbnail","6":"product_cat-material","7":"product_cat-merchandising","9":"first","10":"instock","11":"shipping-taxable","12":"product-type-simple"},"mb":[],"acf":[],"featured_image_url":{"thumbnail":"https:\/\/www.cdup.pt\/wp-content\/uploads\/2025\/05\/Screenshot-2025-05-22-at-15.17.48-150x150.png","medium":"https:\/\/www.cdup.pt\/wp-content\/uploads\/2025\/05\/Screenshot-2025-05-22-at-15.17.48-300x296.png","medium_large":"https:\/\/www.cdup.pt\/wp-content\/uploads\/2025\/05\/Screenshot-2025-05-22-at-15.17.48.png","large":"https:\/\/www.cdup.pt\/wp-content\/uploads\/2025\/05\/Screenshot-2025-05-22-at-15.17.48.png","1536x1536":"https:\/\/www.cdup.pt\/wp-content\/uploads\/2025\/05\/Screenshot-2025-05-22-at-15.17.48.png","2048x2048":"https:\/\/www.cdup.pt\/wp-content\/uploads\/2025\/05\/Screenshot-2025-05-22-at-15.17.48.png","woocommerce_thumbnail":"https:\/\/www.cdup.pt\/wp-content\/uploads\/2025\/05\/Screenshot-2025-05-22-at-15.17.48-300x300.png","woocommerce_single":"https:\/\/www.cdup.pt\/wp-content\/uploads\/2025\/05\/Screenshot-2025-05-22-at-15.17.48.png","woocommerce_gallery_thumbnail":"https:\/\/www.cdup.pt\/wp-content\/uploads\/2025\/05\/Screenshot-2025-05-22-at-15.17.48-100x100.png"},"post_author":"","assigned_categories":"simple, Material, merchandising","jetpack_sharing_enabled":true,"mfb_rest_fields":["title","featured_image_url","post_author","assigned_categories","jetpack_sharing_enabled"],"_links":{"self":[{"href":"https:\/\/www.cdup.pt\/index.php?rest_route=\/wp\/v2\/product\/16612","targetHints":{"allow":["GET"]}}],"collection":[{"href":"https:\/\/www.cdup.pt\/index.php?rest_route=\/wp\/v2\/product"}],"about":[{"href":"https:\/\/www.cdup.pt\/index.php?rest_route=\/wp\/v2\/types\/product"}],"replies":[{"embeddable":true,"href":"https:\/\/www.cdup.pt\/index.php?rest_route=%2Fwp%2Fv2%2Fcomments&post=16612"}],"wp:featuredmedia":[{"embeddable":true,"href":"https:\/\/www.cdup.pt\/index.php?rest_route=\/wp\/v2\/media\/16613"}],"wp:attachment":[{"href":"https:\/\/www.cdup.pt\/index.php?rest_route=%2Fwp%2Fv2%2Fmedia&parent=16612"}],"wp:term":[{"taxonomy":"product_brand","embeddable":true,"href":"https:\/\/www.cdup.pt\/index.php?rest_route=%2Fwp%2Fv2%2Fproduct_brand&post=16612"},{"taxonomy":"product_cat","embeddable":true,"href":"https:\/\/www.cdup.pt\/index.php?rest_route=%2Fwp%2Fv2%2Fproduct_cat&post=16612"},{"taxonomy":"product_tag","embeddable":true,"href":"https:\/\/www.cdup.pt\/index.php?rest_route=%2Fwp%2Fv2%2Fproduct_tag&post=16612"}],"curies":[{"name":"wp","href":"https:\/\/api.w.org\/{rel}","templated":true}]}}