{"id":994,"date":"2025-05-22T15:48:09","date_gmt":"2025-05-22T15:48:09","guid":{"rendered":"https:\/\/demo.cdup.pt\/?page_id=994"},"modified":"2025-07-01T15:05:13","modified_gmt":"2025-07-01T15:05:13","slug":"badminton","status":"publish","type":"page","link":"https:\/\/www.cdup.pt\/?page_id=994","title":{"rendered":"Badminton"},"content":{"rendered":"\n<p>A sec\u00e7\u00e3o de Badminton do CDUP foi fundada em 1958.<\/p>\n\n\n\n<p>Desde essa data mant\u00e9m atividade competitiva regular e ininterrupta no \u00e2mbito da Federa\u00e7\u00e3o Portuguesa de Badminton.<\/p>\n\n\n\n<p>Foi um dos clubes fundadores da Associa\u00e7\u00e3o de Badminton do Norte e o \u00fanico dos seus fundadores ainda em atividade.<\/p>\n\n\n\n<p>Ao longo da sua exist\u00eancia conseguiu, consistentemente, resultados desportivos relevantes a n\u00edvel nacional, com v\u00e1rios t\u00edtulos nacionais e regionais conquistados e diversas presen\u00e7as de atletas nas sele\u00e7\u00f5es nacionais.<\/p>\n\n\n\n<p>Ao longo do percurso podemos destacar, pelos resultados desportivos alcan\u00e7ados, v\u00e1rios atletas: M\u00aa Am\u00e1lia Guedes, Angelina Leite, Ant\u00f3nio Gon\u00e7alves, Eug\u00e9nia Magalh\u00e3es, Delfim Guedes, Henrique Neto, In\u00eas Lorga, Jos\u00e9 Miguel Costa, Jorge Tavares, Ian Ennis, Iolanda Oliveira, Jo\u00e3o Matos, Lu\u00eds Maia Mendes e Ol\u00edvia Ferreira.<\/p>\n\n\n\n<p>O CDUP prestou sempre um relevante papel no desenvolvimento e organiza\u00e7\u00e3o da modalidade em Portugal, constituindo-se uma refer\u00eancia de independ\u00eancia e compet\u00eancia em diversos setores da modalidade, nomeadamente na arbitragem, organiza\u00e7\u00e3o de provas e dirigismo desportivo.<\/p>\n\n\n\n<p>Sa\u00edram dos seus quadros v\u00e1rios elementos que se destacaram nas estruturas associativas e federativas do Badminton em Portugal, nomeadamente Delfim Guedes, Il\u00eddio Silva, Jo\u00e3o Matos, Jos\u00e9 Miguel Costa, Lu\u00eds Maia Mendes e Paulo Maia Mendes.<\/p>\n\n\n\n<p>O Eng\u00aa Jo\u00e3o Matos, foi durante anos destacado dirigente desportivo assumindo a presid\u00eancia da F.P. Badminton entre 1992 e 2012. Foi tamb\u00e9m membro do COP durante 16 anos, Vice-Presidente da Badminton Europe Confederation (BEC) de 2008 a 2024 e vice-presidente da Badminton World Federation (BWF) desde 2019, tendo recebido o&nbsp;<em>Distinguished Service Award<\/em>&nbsp;da BWF por servi\u00e7o extraordin\u00e1rio ao Badminton Mundial.<\/p>\n\n\n\n<ul class=\"wp-block-social-links has-visible-labels is-layout-flex wp-block-social-links-is-layout-flex\"><li class=\"wp-social-link wp-social-link-facebook  wp-block-social-link\"><a rel=\"noopener nofollow\" target=\"_blank\" href=\"https:\/\/www.facebook.com\/cdupbadminton\" class=\"wp-block-social-link-anchor\"><svg width=\"24\" height=\"24\" viewBox=\"0 0 24 24\" version=\"1.1\" xmlns=\"http:\/\/www.w3.org\/2000\/svg\" aria-hidden=\"true\" focusable=\"false\"><path d=\"M12 2C6.5 2 2 6.5 2 12c0 5 3.7 9.1 8.4 9.9v-7H7.9V12h2.5V9.8c0-2.5 1.5-3.9 3.8-3.9 1.1 0 2.2.2 2.2.2v2.5h-1.3c-1.2 0-1.6.8-1.6 1.6V12h2.8l-.4 2.9h-2.3v7C18.3 21.1 22 17 22 12c0-5.5-4.5-10-10-10z\"><\/path><\/svg><span class=\"wp-block-social-link-label\">www.facebook.com\/cdupbadminton<\/span><\/a><\/li><\/ul>\n\n\n\n<p><a href=\"https:\/\/1f0bddd787.clvaw-cdnwnd.com\/546aebdfae2182283c8b2f449b0bfa4b\/200000114-8aad78aad9\/32079547_2148990682050034_3187073584279322624_n.jpeg?ph=1f0bddd787\"><\/a><\/p>\n\n\n\n<figure class=\"wp-block-image\"><a class=\"b-gal-a litebox bor-rad\" href=\"https:\/\/1f0bddd787.clvaw-cdnwnd.com\/546aebdfae2182283c8b2f449b0bfa4b\/200000095-7ce9b7ce9d\/301055805_448564703954677_8678975512654047717_n.png?ph=1f0bddd787\"><img decoding=\"async\" src=\"https:\/\/1f0bddd787.clvaw-cdnwnd.com\/546aebdfae2182283c8b2f449b0bfa4b\/200000095-7ce9b7ce9d\/301055805_448564703954677_8678975512654047717_n.png?ph=1f0bddd787\" alt=\"\"\/><\/a><\/figure>\n\n\n\n<figure class=\"wp-block-image\"><a class=\"b-gal-a litebox bor-rad\" href=\"https:\/\/1f0bddd787.clvaw-cdnwnd.com\/546aebdfae2182283c8b2f449b0bfa4b\/200000114-8aad78aad9\/32079547_2148990682050034_3187073584279322624_n.jpeg?ph=1f0bddd787\"><img decoding=\"async\" src=\"https:\/\/1f0bddd787.clvaw-cdnwnd.com\/546aebdfae2182283c8b2f449b0bfa4b\/200000114-8aad78aad9\/32079547_2148990682050034_3187073584279322624_n.jpeg?ph=1f0bddd787\" alt=\"\"\/><\/a><\/figure>\n\n\n\n<p><a href=\"https:\/\/1f0bddd787.clvaw-cdnwnd.com\/546aebdfae2182283c8b2f449b0bfa4b\/200000114-8aad78aad9\/32079547_2148990682050034_3187073584279322624_n.jpeg?ph=1f0bddd787\"><\/a><\/p>\n\n\n\n<p><a href=\"https:\/\/1f0bddd787.clvaw-cdnwnd.com\/546aebdfae2182283c8b2f449b0bfa4b\/200000115-a5611a5614\/29665468_2130305270585242_5192064750600179656_o.jpeg?ph=1f0bddd787\"><\/a><\/p>\n\n\n\n<figure class=\"wp-block-image\"><a class=\"b-gal-a litebox bor-rad\" href=\"https:\/\/1f0bddd787.clvaw-cdnwnd.com\/546aebdfae2182283c8b2f449b0bfa4b\/200000115-a5611a5614\/29665468_2130305270585242_5192064750600179656_o.jpeg?ph=1f0bddd787\"><img decoding=\"async\" src=\"https:\/\/1f0bddd787.clvaw-cdnwnd.com\/546aebdfae2182283c8b2f449b0bfa4b\/200000115-a5611a5614\/29665468_2130305270585242_5192064750600179656_o.jpeg?ph=1f0bddd787\" alt=\"\"\/><\/a><\/figure>\n\n\n\n<p><a href=\"https:\/\/1f0bddd787.clvaw-cdnwnd.com\/546aebdfae2182283c8b2f449b0bfa4b\/200000115-a5611a5614\/29665468_2130305270585242_5192064750600179656_o.jpeg?ph=1f0bddd787\"><\/a><\/p>\n\n\n\n<p><a href=\"https:\/\/1f0bddd787.clvaw-cdnwnd.com\/546aebdfae2182283c8b2f449b0bfa4b\/200000096-9c74f9c751\/300430528_448564707288010_5983750176858426385_n.jpeg?ph=1f0bddd787\"><\/a><\/p>\n\n\n\n<figure class=\"wp-block-image\"><a class=\"b-gal-a litebox bor-rad\" href=\"https:\/\/1f0bddd787.clvaw-cdnwnd.com\/546aebdfae2182283c8b2f449b0bfa4b\/200000096-9c74f9c751\/300430528_448564707288010_5983750176858426385_n.jpeg?ph=1f0bddd787\"><img decoding=\"async\" src=\"https:\/\/1f0bddd787.clvaw-cdnwnd.com\/546aebdfae2182283c8b2f449b0bfa4b\/200000096-9c74f9c751\/300430528_448564707288010_5983750176858426385_n.jpeg?ph=1f0bddd787\" alt=\"\"\/><\/a><\/figure>\n\n\n\n<p><a href=\"https:\/\/1f0bddd787.clvaw-cdnwnd.com\/546aebdfae2182283c8b2f449b0bfa4b\/200000096-9c74f9c751\/300430528_448564707288010_5983750176858426385_n.jpeg?ph=1f0bddd787\"><\/a><\/p>\n\n\n\n<p><a href=\"https:\/\/1f0bddd787.clvaw-cdnwnd.com\/546aebdfae2182283c8b2f449b0bfa4b\/200000095-7ce9b7ce9d\/301055805_448564703954677_8678975512654047717_n.png?ph=1f0bddd787\"><\/a><\/p>\n\n\n\n<p><a href=\"https:\/\/1f0bddd787.clvaw-cdnwnd.com\/546aebdfae2182283c8b2f449b0bfa4b\/200000095-7ce9b7ce9d\/301055805_448564703954677_8678975512654047717_n.png?ph=1f0bddd787\"><\/a><\/p>\n\n\n\n<p><a href=\"https:\/\/1f0bddd787.clvaw-cdnwnd.com\/546aebdfae2182283c8b2f449b0bfa4b\/200000099-d416dd416f\/277813409_10158771372134646_3302195589009744188_n.jpeg?ph=1f0bddd787\"><\/a><\/p>\n\n\n\n<figure class=\"wp-block-image\"><a class=\"b-gal-a litebox bor-rad\" href=\"https:\/\/1f0bddd787.clvaw-cdnwnd.com\/546aebdfae2182283c8b2f449b0bfa4b\/200000099-d416dd416f\/277813409_10158771372134646_3302195589009744188_n.jpeg?ph=1f0bddd787\"><img decoding=\"async\" src=\"https:\/\/1f0bddd787.clvaw-cdnwnd.com\/546aebdfae2182283c8b2f449b0bfa4b\/200000099-d416dd416f\/277813409_10158771372134646_3302195589009744188_n.jpeg?ph=1f0bddd787\" alt=\"\"\/><\/a><\/figure>\n\n\n\n<p><a href=\"https:\/\/1f0bddd787.clvaw-cdnwnd.com\/546aebdfae2182283c8b2f449b0bfa4b\/200000099-d416dd416f\/277813409_10158771372134646_3302195589009744188_n.jpeg?ph=1f0bddd787\"><\/a><\/p>\n\n\n\n<p><a href=\"https:\/\/1f0bddd787.clvaw-cdnwnd.com\/546aebdfae2182283c8b2f449b0bfa4b\/200000097-b2955b2957\/250964937_3185461875069571_7511579146089044110_n.jpeg?ph=1f0bddd787\"><\/a><\/p>\n\n\n\n<figure class=\"wp-block-image\"><a class=\"b-gal-a litebox bor-rad\" href=\"https:\/\/1f0bddd787.clvaw-cdnwnd.com\/546aebdfae2182283c8b2f449b0bfa4b\/200000097-b2955b2957\/250964937_3185461875069571_7511579146089044110_n.jpeg?ph=1f0bddd787\"><img decoding=\"async\" src=\"https:\/\/1f0bddd787.clvaw-cdnwnd.com\/546aebdfae2182283c8b2f449b0bfa4b\/200000097-b2955b2957\/250964937_3185461875069571_7511579146089044110_n.jpeg?ph=1f0bddd787\" alt=\"\"\/><\/a><\/figure>\n\n\n\n<p><a href=\"https:\/\/1f0bddd787.clvaw-cdnwnd.com\/546aebdfae2182283c8b2f449b0bfa4b\/200000097-b2955b2957\/250964937_3185461875069571_7511579146089044110_n.jpeg?ph=1f0bddd787\"><\/a><\/p>\n\n\n\n<p><a href=\"https:\/\/1f0bddd787.clvaw-cdnwnd.com\/546aebdfae2182283c8b2f449b0bfa4b\/200000098-b9a75b9a78\/250949102_3185828048366287_3380345775924868876_n.jpeg?ph=1f0bddd787\"><\/a><\/p>\n\n\n\n<figure class=\"wp-block-image\"><a class=\"b-gal-a litebox bor-rad\" href=\"https:\/\/1f0bddd787.clvaw-cdnwnd.com\/546aebdfae2182283c8b2f449b0bfa4b\/200000098-b9a75b9a78\/250949102_3185828048366287_3380345775924868876_n.jpeg?ph=1f0bddd787\"><img decoding=\"async\" src=\"https:\/\/1f0bddd787.clvaw-cdnwnd.com\/546aebdfae2182283c8b2f449b0bfa4b\/200000098-b9a75b9a78\/250949102_3185828048366287_3380345775924868876_n.jpeg?ph=1f0bddd787\" alt=\"\"\/><\/a><\/figure>\n\n\n\n<p><a href=\"https:\/\/1f0bddd787.clvaw-cdnwnd.com\/546aebdfae2182283c8b2f449b0bfa4b\/200000098-b9a75b9a78\/250949102_3185828048366287_3380345775924868876_n.jpeg?ph=1f0bddd787\"><\/a><\/p>\n\n\n\n<p><a href=\"https:\/\/1f0bddd787.clvaw-cdnwnd.com\/546aebdfae2182283c8b2f449b0bfa4b\/200000105-7cc387cc3a\/250670468_3185456608403431_7999321846052090711_n.jpeg?ph=1f0bddd787\"><\/a><\/p>\n\n\n\n<figure class=\"wp-block-image\"><a class=\"b-gal-a litebox bor-rad\" href=\"https:\/\/1f0bddd787.clvaw-cdnwnd.com\/546aebdfae2182283c8b2f449b0bfa4b\/200000105-7cc387cc3a\/250670468_3185456608403431_7999321846052090711_n.jpeg?ph=1f0bddd787\"><img decoding=\"async\" src=\"https:\/\/1f0bddd787.clvaw-cdnwnd.com\/546aebdfae2182283c8b2f449b0bfa4b\/200000105-7cc387cc3a\/250670468_3185456608403431_7999321846052090711_n.jpeg?ph=1f0bddd787\" alt=\"\"\/><\/a><\/figure>\n\n\n\n<p><a href=\"https:\/\/1f0bddd787.clvaw-cdnwnd.com\/546aebdfae2182283c8b2f449b0bfa4b\/200000105-7cc387cc3a\/250670468_3185456608403431_7999321846052090711_n.jpeg?ph=1f0bddd787\"><\/a><\/p>\n\n\n\n<p><a href=\"https:\/\/1f0bddd787.clvaw-cdnwnd.com\/546aebdfae2182283c8b2f449b0bfa4b\/200000106-8cdd58cdd6\/250627572_3185461878402904_7198494735952925217_n.jpeg?ph=1f0bddd787\"><\/a><\/p>\n\n\n\n<figure class=\"wp-block-image\"><a class=\"b-gal-a litebox bor-rad\" href=\"https:\/\/1f0bddd787.clvaw-cdnwnd.com\/546aebdfae2182283c8b2f449b0bfa4b\/200000106-8cdd58cdd6\/250627572_3185461878402904_7198494735952925217_n.jpeg?ph=1f0bddd787\"><img decoding=\"async\" src=\"https:\/\/1f0bddd787.clvaw-cdnwnd.com\/546aebdfae2182283c8b2f449b0bfa4b\/200000106-8cdd58cdd6\/250627572_3185461878402904_7198494735952925217_n.jpeg?ph=1f0bddd787\" alt=\"\"\/><\/a><\/figure>\n\n\n\n<p><a href=\"https:\/\/1f0bddd787.clvaw-cdnwnd.com\/546aebdfae2182283c8b2f449b0bfa4b\/200000106-8cdd58cdd6\/250627572_3185461878402904_7198494735952925217_n.jpeg?ph=1f0bddd787\"><\/a><\/p>\n\n\n\n<p><a href=\"https:\/\/1f0bddd787.clvaw-cdnwnd.com\/546aebdfae2182283c8b2f449b0bfa4b\/200000107-9d6379d639\/50556446_2356995644582869_1112364300229410816_n.jpeg?ph=1f0bddd787\"><\/a><\/p>\n\n\n\n<figure class=\"wp-block-image\"><a class=\"b-gal-a litebox bor-rad\" href=\"https:\/\/1f0bddd787.clvaw-cdnwnd.com\/546aebdfae2182283c8b2f449b0bfa4b\/200000107-9d6379d639\/50556446_2356995644582869_1112364300229410816_n.jpeg?ph=1f0bddd787\"><img decoding=\"async\" src=\"https:\/\/1f0bddd787.clvaw-cdnwnd.com\/546aebdfae2182283c8b2f449b0bfa4b\/200000107-9d6379d639\/50556446_2356995644582869_1112364300229410816_n.jpeg?ph=1f0bddd787\" alt=\"\"\/><\/a><\/figure>\n\n\n\n<p><a href=\"https:\/\/1f0bddd787.clvaw-cdnwnd.com\/546aebdfae2182283c8b2f449b0bfa4b\/200000107-9d6379d639\/50556446_2356995644582869_1112364300229410816_n.jpeg?ph=1f0bddd787\"><\/a><\/p>\n\n\n\n<p><a href=\"https:\/\/1f0bddd787.clvaw-cdnwnd.com\/546aebdfae2182283c8b2f449b0bfa4b\/200000108-d8725d8726\/48361944_2334360100179757_6217563875106095104_n.jpeg?ph=1f0bddd787\"><\/a><\/p>\n\n\n\n<figure class=\"wp-block-image\"><a class=\"b-gal-a litebox bor-rad\" href=\"https:\/\/1f0bddd787.clvaw-cdnwnd.com\/546aebdfae2182283c8b2f449b0bfa4b\/200000108-d8725d8726\/48361944_2334360100179757_6217563875106095104_n.jpeg?ph=1f0bddd787\"><img decoding=\"async\" src=\"https:\/\/1f0bddd787.clvaw-cdnwnd.com\/546aebdfae2182283c8b2f449b0bfa4b\/200000108-d8725d8726\/48361944_2334360100179757_6217563875106095104_n.jpeg?ph=1f0bddd787\" alt=\"\"\/><\/a><\/figure>\n\n\n\n<p><a href=\"https:\/\/1f0bddd787.clvaw-cdnwnd.com\/546aebdfae2182283c8b2f449b0bfa4b\/200000108-d8725d8726\/48361944_2334360100179757_6217563875106095104_n.jpeg?ph=1f0bddd787\"><\/a><\/p>\n\n\n\n<p><a href=\"https:\/\/1f0bddd787.clvaw-cdnwnd.com\/546aebdfae2182283c8b2f449b0bfa4b\/200000109-510a1510a4\/48332794_2333211646961269_5208858417292115968_n.jpeg?ph=1f0bddd787\"><\/a><\/p>\n\n\n\n<figure class=\"wp-block-image\"><a class=\"b-gal-a litebox bor-rad\" href=\"https:\/\/1f0bddd787.clvaw-cdnwnd.com\/546aebdfae2182283c8b2f449b0bfa4b\/200000109-510a1510a4\/48332794_2333211646961269_5208858417292115968_n.jpeg?ph=1f0bddd787\"><img decoding=\"async\" src=\"https:\/\/1f0bddd787.clvaw-cdnwnd.com\/546aebdfae2182283c8b2f449b0bfa4b\/200000109-510a1510a4\/48332794_2333211646961269_5208858417292115968_n.jpeg?ph=1f0bddd787\" alt=\"\"\/><\/a><\/figure>\n\n\n\n<p><a href=\"https:\/\/1f0bddd787.clvaw-cdnwnd.com\/546aebdfae2182283c8b2f449b0bfa4b\/200000109-510a1510a4\/48332794_2333211646961269_5208858417292115968_n.jpeg?ph=1f0bddd787\"><\/a><\/p>\n\n\n\n<p><a href=\"https:\/\/1f0bddd787.clvaw-cdnwnd.com\/546aebdfae2182283c8b2f449b0bfa4b\/200000114-8aad78aad9\/32079547_2148990682050034_3187073584279322624_n.jpeg?ph=1f0bddd787\"><\/a><\/p>\n\n\n\n<figure class=\"wp-block-image\"><a class=\"b-gal-a litebox bor-rad\" href=\"https:\/\/1f0bddd787.clvaw-cdnwnd.com\/546aebdfae2182283c8b2f449b0bfa4b\/200000114-8aad78aad9\/32079547_2148990682050034_3187073584279322624_n.jpeg?ph=1f0bddd787\"><img decoding=\"async\" src=\"https:\/\/1f0bddd787.clvaw-cdnwnd.com\/546aebdfae2182283c8b2f449b0bfa4b\/200000114-8aad78aad9\/32079547_2148990682050034_3187073584279322624_n.jpeg?ph=1f0bddd787\" alt=\"\"\/><\/a><\/figure>\n\n\n\n<p><a href=\"https:\/\/1f0bddd787.clvaw-cdnwnd.com\/546aebdfae2182283c8b2f449b0bfa4b\/200000114-8aad78aad9\/32079547_2148990682050034_3187073584279322624_n.jpeg?ph=1f0bddd787\"><\/a><\/p>\n\n\n\n<p><a href=\"https:\/\/1f0bddd787.clvaw-cdnwnd.com\/546aebdfae2182283c8b2f449b0bfa4b\/200000115-a5611a5614\/29665468_2130305270585242_5192064750600179656_o.jpeg?ph=1f0bddd787\"><\/a><\/p>\n\n\n\n<p><a href=\"https:\/\/1f0bddd787.clvaw-cdnwnd.com\/546aebdfae2182283c8b2f449b0bfa4b\/200000115-a5611a5614\/29665468_2130305270585242_5192064750600179656_o.jpeg?ph=1f0bddd787\"><\/a><\/p>\n\n\n\n<p><a href=\"https:\/\/1f0bddd787.clvaw-cdnwnd.com\/546aebdfae2182283c8b2f449b0bfa4b\/200000096-9c74f9c751\/300430528_448564707288010_5983750176858426385_n.jpeg?ph=1f0bddd787\"><\/a><\/p>\n\n\n\n<p><a href=\"https:\/\/1f0bddd787.clvaw-cdnwnd.com\/546aebdfae2182283c8b2f449b0bfa4b\/200000096-9c74f9c751\/300430528_448564707288010_5983750176858426385_n.jpeg?ph=1f0bddd787\"><\/a><\/p>\n\n\n\n<p><a href=\"https:\/\/1f0bddd787.clvaw-cdnwnd.com\/546aebdfae2182283c8b2f449b0bfa4b\/200000095-7ce9b7ce9d\/301055805_448564703954677_8678975512654047717_n.png?ph=1f0bddd787\"><\/a><\/p>\n\n\n\n<p><a href=\"https:\/\/1f0bddd787.clvaw-cdnwnd.com\/546aebdfae2182283c8b2f449b0bfa4b\/200000095-7ce9b7ce9d\/301055805_448564703954677_8678975512654047717_n.png?ph=1f0bddd787\"><\/a><\/p>\n\n\n\n<p><\/p>\n","protected":false},"excerpt":{"rendered":"<p>A sec\u00e7\u00e3o de Badminton do CDUP foi fundada em 1958. Desde essa data mant\u00e9m atividade competitiva regular e ininterrupta no \u00e2mbito da Federa\u00e7\u00e3o Portuguesa de Badminton. Foi um dos clubes fundadores da Associa\u00e7\u00e3o de Badminton do Norte e o \u00fanico dos seus fundadores ainda em atividade. Ao longo da sua exist\u00eancia conseguiu, consistentemente, resultados desportivos [&hellip;]<\/p>\n","protected":false},"author":1,"featured_media":0,"parent":0,"menu_order":0,"comment_status":"closed","ping_status":"closed","template":"","meta":{"_acf_changed":false,"footnotes":""},"class_list":["post-994","page","type-page","status-publish","hentry"],"mb":[],"acf":[],"featured_image_url":[],"post_author":"cdup natacao","assigned_categories":"","jetpack_sharing_enabled":true,"mfb_rest_fields":["title","featured_image_url","post_author","assigned_categories","jetpack_sharing_enabled"],"_links":{"self":[{"href":"https:\/\/www.cdup.pt\/index.php?rest_route=\/wp\/v2\/pages\/994","targetHints":{"allow":["GET"]}}],"collection":[{"href":"https:\/\/www.cdup.pt\/index.php?rest_route=\/wp\/v2\/pages"}],"about":[{"href":"https:\/\/www.cdup.pt\/index.php?rest_route=\/wp\/v2\/types\/page"}],"author":[{"embeddable":true,"href":"https:\/\/www.cdup.pt\/index.php?rest_route=\/wp\/v2\/users\/1"}],"replies":[{"embeddable":true,"href":"https:\/\/www.cdup.pt\/index.php?rest_route=%2Fwp%2Fv2%2Fcomments&post=994"}],"version-history":[{"count":3,"href":"https:\/\/www.cdup.pt\/index.php?rest_route=\/wp\/v2\/pages\/994\/revisions"}],"predecessor-version":[{"id":17043,"href":"https:\/\/www.cdup.pt\/index.php?rest_route=\/wp\/v2\/pages\/994\/revisions\/17043"}],"wp:attachment":[{"href":"https:\/\/www.cdup.pt\/index.php?rest_route=%2Fwp%2Fv2%2Fmedia&parent=994"}],"curies":[{"name":"wp","href":"https:\/\/api.w.org\/{rel}","templated":true}]}}