{"id":993,"date":"2025-05-22T15:48:09","date_gmt":"2025-05-22T15:48:09","guid":{"rendered":"https:\/\/demo.cdup.pt\/?page_id=993"},"modified":"2025-07-01T14:55:32","modified_gmt":"2025-07-01T14:55:32","slug":"bridge","status":"publish","type":"page","link":"https:\/\/www.cdup.pt\/?page_id=993","title":{"rendered":"Bridge"},"content":{"rendered":"\n<p>A sec\u00e7\u00e3o de Bridge existe desde o ano de 1999 e actualmente conta com 5 s\u00f3cios atletas praticantes. Continuamos a promover a pr\u00e1tica da modalidade de forma t\u00e3o competitiva quanto poss\u00edvel, o que se traduz na obten\u00e7\u00e3o de diversos t\u00edtulos a n\u00edvel regional e nacional, bem como na participa\u00e7\u00e3o dos nossos praticantes em provas internacionais e nas selec\u00e7\u00f5es nacionais. Refer\u00eancia especial para o facto de que a equipa do CDUP \u00e9, desde h\u00e1 bastante tempo, a \u00fanica equipa do Norte a competir no Campeonato Nacional de Equipas de Clubes da 1\u00aa divis\u00e3o, onde tem conseguido sempre obter resultados que lhe permitem manter-se neste escal\u00e3o.<\/p>\n\n\n\n<ul class=\"wp-block-social-links has-visible-labels is-layout-flex wp-block-social-links-is-layout-flex\"><li class=\"wp-social-link wp-social-link-facebook  wp-block-social-link\"><a rel=\"noopener nofollow\" target=\"_blank\" href=\"https:\/\/www.facebook.com\/cdupbridge\" class=\"wp-block-social-link-anchor\"><svg width=\"24\" height=\"24\" viewBox=\"0 0 24 24\" version=\"1.1\" xmlns=\"http:\/\/www.w3.org\/2000\/svg\" aria-hidden=\"true\" focusable=\"false\"><path d=\"M12 2C6.5 2 2 6.5 2 12c0 5 3.7 9.1 8.4 9.9v-7H7.9V12h2.5V9.8c0-2.5 1.5-3.9 3.8-3.9 1.1 0 2.2.2 2.2.2v2.5h-1.3c-1.2 0-1.6.8-1.6 1.6V12h2.8l-.4 2.9h-2.3v7C18.3 21.1 22 17 22 12c0-5.5-4.5-10-10-10z\"><\/path><\/svg><span class=\"wp-block-social-link-label\">www.facebook.com\/cdupbridge<\/span><\/a><\/li>\n\n<li class=\"wp-social-link wp-social-link-mail  wp-block-social-link\"><a rel=\"noopener nofollow\" target=\"_blank\" href=\"mailto:&#099;&#100;&#117;p&#046;&#098;&#114;id&#103;e&#064;g&#109;&#097;&#105;l.&#099;o&#109;\" class=\"wp-block-social-link-anchor\"><svg width=\"24\" height=\"24\" viewBox=\"0 0 24 24\" version=\"1.1\" xmlns=\"http:\/\/www.w3.org\/2000\/svg\" aria-hidden=\"true\" focusable=\"false\"><path d=\"M19,5H5c-1.1,0-2,.9-2,2v10c0,1.1.9,2,2,2h14c1.1,0,2-.9,2-2V7c0-1.1-.9-2-2-2zm.5,12c0,.3-.2.5-.5.5H5c-.3,0-.5-.2-.5-.5V9.8l7.5,5.6,7.5-5.6V17zm0-9.1L12,13.6,4.5,7.9V7c0-.3.2-.5.5-.5h14c.3,0,.5.2.5.5v.9z\"><\/path><\/svg><span class=\"wp-block-social-link-label\">cdup.bridge@gmail.com<\/span><\/a><\/li><\/ul>\n\n\n\n<p><a href=\"https:\/\/1f0bddd787.clvaw-cdnwnd.com\/546aebdfae2182283c8b2f449b0bfa4b\/200000245-601ce601d0\/299687790_444609554375671_5500654913523916016_n-57.png?ph=1f0bddd787\"><\/a><\/p>\n\n\n\n<figure class=\"wp-block-gallery has-nested-images columns-2 wp-block-gallery-1 is-layout-flex wp-block-gallery-is-layout-flex\">\n<figure class=\"wp-block-image size-large\"><img loading=\"lazy\" decoding=\"async\" width=\"1024\" height=\"768\" data-id=\"17038\" src=\"https:\/\/demo.cdup.pt\/wp-content\/uploads\/2025\/07\/25073316_1424859510946029_192022836825329746_o-1024x768.jpg\" alt=\"\" class=\"wp-image-17038\" srcset=\"https:\/\/www.cdup.pt\/wp-content\/uploads\/2025\/07\/25073316_1424859510946029_192022836825329746_o-1024x768.jpg 1024w, https:\/\/www.cdup.pt\/wp-content\/uploads\/2025\/07\/25073316_1424859510946029_192022836825329746_o-600x450.jpg 600w, https:\/\/www.cdup.pt\/wp-content\/uploads\/2025\/07\/25073316_1424859510946029_192022836825329746_o-300x225.jpg 300w, https:\/\/www.cdup.pt\/wp-content\/uploads\/2025\/07\/25073316_1424859510946029_192022836825329746_o-768x576.jpg 768w, https:\/\/www.cdup.pt\/wp-content\/uploads\/2025\/07\/25073316_1424859510946029_192022836825329746_o-1536x1152.jpg 1536w, https:\/\/www.cdup.pt\/wp-content\/uploads\/2025\/07\/25073316_1424859510946029_192022836825329746_o.jpg 2048w\" sizes=\"auto, (max-width: 1024px) 100vw, 1024px\" \/><\/figure>\n\n\n\n<figure class=\"wp-block-image size-large\"><img loading=\"lazy\" decoding=\"async\" width=\"1024\" height=\"576\" data-id=\"17039\" src=\"https:\/\/demo.cdup.pt\/wp-content\/uploads\/2025\/07\/42953138_1742125522552758_1961426532320673792_n-1024x576.jpg\" alt=\"\" class=\"wp-image-17039\" srcset=\"https:\/\/www.cdup.pt\/wp-content\/uploads\/2025\/07\/42953138_1742125522552758_1961426532320673792_n-1024x576.jpg 1024w, https:\/\/www.cdup.pt\/wp-content\/uploads\/2025\/07\/42953138_1742125522552758_1961426532320673792_n-600x338.jpg 600w, https:\/\/www.cdup.pt\/wp-content\/uploads\/2025\/07\/42953138_1742125522552758_1961426532320673792_n-300x169.jpg 300w, https:\/\/www.cdup.pt\/wp-content\/uploads\/2025\/07\/42953138_1742125522552758_1961426532320673792_n-768x432.jpg 768w, https:\/\/www.cdup.pt\/wp-content\/uploads\/2025\/07\/42953138_1742125522552758_1961426532320673792_n-1536x864.jpg 1536w, https:\/\/www.cdup.pt\/wp-content\/uploads\/2025\/07\/42953138_1742125522552758_1961426532320673792_n.jpg 2048w\" sizes=\"auto, (max-width: 1024px) 100vw, 1024px\" \/><\/figure>\n\n\n\n<figure class=\"wp-block-image size-large\"><img loading=\"lazy\" decoding=\"async\" width=\"965\" height=\"312\" data-id=\"17040\" src=\"https:\/\/demo.cdup.pt\/wp-content\/uploads\/2025\/07\/299687790_444609554375671_5500654913523916016_n.png\" alt=\"\" class=\"wp-image-17040\" srcset=\"https:\/\/www.cdup.pt\/wp-content\/uploads\/2025\/07\/299687790_444609554375671_5500654913523916016_n.png 965w, https:\/\/www.cdup.pt\/wp-content\/uploads\/2025\/07\/299687790_444609554375671_5500654913523916016_n-600x194.png 600w, https:\/\/www.cdup.pt\/wp-content\/uploads\/2025\/07\/299687790_444609554375671_5500654913523916016_n-300x97.png 300w, https:\/\/www.cdup.pt\/wp-content\/uploads\/2025\/07\/299687790_444609554375671_5500654913523916016_n-768x248.png 768w\" sizes=\"auto, (max-width: 965px) 100vw, 965px\" \/><\/figure>\n<\/figure>\n\n\n\n<p><a href=\"https:\/\/1f0bddd787.clvaw-cdnwnd.com\/546aebdfae2182283c8b2f449b0bfa4b\/200000245-601ce601d0\/299687790_444609554375671_5500654913523916016_n-57.png?ph=1f0bddd787\"><\/a><\/p>\n\n\n\n<p><a href=\"https:\/\/1f0bddd787.clvaw-cdnwnd.com\/546aebdfae2182283c8b2f449b0bfa4b\/200000246-add5badd5d\/25073316_1424859510946029_192022836825329746_o-6.jpeg?ph=1f0bddd787\"><\/a><\/p>\n\n\n\n<p><a href=\"https:\/\/1f0bddd787.clvaw-cdnwnd.com\/546aebdfae2182283c8b2f449b0bfa4b\/200000246-add5badd5d\/25073316_1424859510946029_192022836825329746_o-6.jpeg?ph=1f0bddd787\"><\/a><\/p>\n\n\n\n<p><a href=\"https:\/\/1f0bddd787.clvaw-cdnwnd.com\/546aebdfae2182283c8b2f449b0bfa4b\/200000247-c5211c5213\/42953138_1742125522552758_1961426532320673792_n-0.jpeg?ph=1f0bddd787\"><\/a><\/p>\n\n\n\n<p><a href=\"https:\/\/1f0bddd787.clvaw-cdnwnd.com\/546aebdfae2182283c8b2f449b0bfa4b\/200000247-c5211c5213\/42953138_1742125522552758_1961426532320673792_n-0.jpeg?ph=1f0bddd787\"><\/a><\/p>\n\n\n\n<p><\/p>\n\n\n\n<p><\/p>\n","protected":false},"excerpt":{"rendered":"<p>A sec\u00e7\u00e3o de Bridge existe desde o ano de 1999 e actualmente conta com 5 s\u00f3cios atletas praticantes. Continuamos a promover a pr\u00e1tica da modalidade de forma t\u00e3o competitiva quanto poss\u00edvel, o que se traduz na obten\u00e7\u00e3o de diversos t\u00edtulos a n\u00edvel regional e nacional, bem como na participa\u00e7\u00e3o dos nossos praticantes em provas internacionais [&hellip;]<\/p>\n","protected":false},"author":1,"featured_media":0,"parent":0,"menu_order":0,"comment_status":"closed","ping_status":"closed","template":"","meta":{"_acf_changed":false,"footnotes":""},"class_list":["post-993","page","type-page","status-publish","hentry"],"mb":[],"acf":[],"featured_image_url":[],"post_author":"cdup natacao","assigned_categories":"","jetpack_sharing_enabled":true,"mfb_rest_fields":["title","featured_image_url","post_author","assigned_categories","jetpack_sharing_enabled"],"_links":{"self":[{"href":"https:\/\/www.cdup.pt\/index.php?rest_route=\/wp\/v2\/pages\/993","targetHints":{"allow":["GET"]}}],"collection":[{"href":"https:\/\/www.cdup.pt\/index.php?rest_route=\/wp\/v2\/pages"}],"about":[{"href":"https:\/\/www.cdup.pt\/index.php?rest_route=\/wp\/v2\/types\/page"}],"author":[{"embeddable":true,"href":"https:\/\/www.cdup.pt\/index.php?rest_route=\/wp\/v2\/users\/1"}],"replies":[{"embeddable":true,"href":"https:\/\/www.cdup.pt\/index.php?rest_route=%2Fwp%2Fv2%2Fcomments&post=993"}],"version-history":[{"count":3,"href":"https:\/\/www.cdup.pt\/index.php?rest_route=\/wp\/v2\/pages\/993\/revisions"}],"predecessor-version":[{"id":17041,"href":"https:\/\/www.cdup.pt\/index.php?rest_route=\/wp\/v2\/pages\/993\/revisions\/17041"}],"wp:attachment":[{"href":"https:\/\/www.cdup.pt\/index.php?rest_route=%2Fwp%2Fv2%2Fmedia&parent=993"}],"curies":[{"name":"wp","href":"https:\/\/api.w.org\/{rel}","templated":true}]}}