{"id":986,"date":"2025-05-22T15:45:52","date_gmt":"2025-05-22T15:45:52","guid":{"rendered":"https:\/\/demo.cdup.pt\/?page_id=986"},"modified":"2025-11-26T19:44:44","modified_gmt":"2025-11-26T19:44:44","slug":"seccoes-3","status":"publish","type":"page","link":"https:\/\/www.cdup.pt\/?page_id=986","title":{"rendered":"Sec\u00e7\u00f5es"},"content":{"rendered":"\n<p style=\"font-size:clamp(14px, 0.875rem + ((1vw - 3.2px) * 0.417), 18px);\"><a href=\"\/?page_id=993\" data-type=\"page\" data-id=\"993\">Bridge<\/a><\/p>\n\n\n\n<p style=\"font-size:clamp(14px, 0.875rem + ((1vw - 3.2px) * 0.417), 18px);\"><a href=\"\/?page_id=994\" data-type=\"page\" data-id=\"994\">Badminton<\/a><\/p>\n\n\n\n<p style=\"font-size:clamp(14px, 0.875rem + ((1vw - 3.2px) * 0.417), 18px);\"><a href=\"\/?page_id=988\" data-type=\"page\" data-id=\"988\">Nata\u00e7\u00e3o<\/a><\/p>\n\n\n\n<p style=\"font-size:clamp(14px, 0.875rem + ((1vw - 3.2px) * 0.417), 18px);\"><a href=\"https:\/\/demo.cdup.pt\/?page_id=988\" data-type=\"page\" data-id=\"988\"><\/a><a href=\"\/?page_id=995\" data-type=\"page\" data-id=\"995\">Polo Aqu\u00e1tico<\/a><\/p>\n\n\n\n<p style=\"font-size:clamp(14px, 0.875rem + ((1vw - 3.2px) * 0.417), 18px);\"><a href=\"\/?page_id=1103\" data-type=\"page\" data-id=\"1103\">Remo <\/a><\/p>\n\n\n\n<p style=\"font-size:clamp(14px, 0.875rem + ((1vw - 3.2px) * 0.417), 18px);\"><a href=\"\/?page_id=997\" data-type=\"page\" data-id=\"997\">Rugby<\/a><\/p>\n\n\n\n<p style=\"font-size:clamp(14px, 0.875rem + ((1vw - 3.2px) * 0.417), 18px);\"><a href=\"https:\/\/www.cdup.pt\/?page_id=17639\" data-type=\"page\" data-id=\"17639\">Outras Modalidades<\/a><\/p>\n\n\n\n<p><\/p>\n","protected":false},"excerpt":{"rendered":"<p>Bridge Badminton Nata\u00e7\u00e3o Polo Aqu\u00e1tico Remo Rugby Outras Modalidades<\/p>\n","protected":false},"author":1,"featured_media":0,"parent":0,"menu_order":0,"comment_status":"closed","ping_status":"closed","template":"","meta":{"_acf_changed":false,"footnotes":""},"class_list":["post-986","page","type-page","status-publish","hentry"],"mb":[],"acf":[],"featured_image_url":[],"post_author":"cdup natacao","assigned_categories":"","jetpack_sharing_enabled":true,"mfb_rest_fields":["title","featured_image_url","post_author","assigned_categories","jetpack_sharing_enabled"],"_links":{"self":[{"href":"https:\/\/www.cdup.pt\/index.php?rest_route=\/wp\/v2\/pages\/986","targetHints":{"allow":["GET"]}}],"collection":[{"href":"https:\/\/www.cdup.pt\/index.php?rest_route=\/wp\/v2\/pages"}],"about":[{"href":"https:\/\/www.cdup.pt\/index.php?rest_route=\/wp\/v2\/types\/page"}],"author":[{"embeddable":true,"href":"https:\/\/www.cdup.pt\/index.php?rest_route=\/wp\/v2\/users\/1"}],"replies":[{"embeddable":true,"href":"https:\/\/www.cdup.pt\/index.php?rest_route=%2Fwp%2Fv2%2Fcomments&post=986"}],"version-history":[{"count":12,"href":"https:\/\/www.cdup.pt\/index.php?rest_route=\/wp\/v2\/pages\/986\/revisions"}],"predecessor-version":[{"id":17641,"href":"https:\/\/www.cdup.pt\/index.php?rest_route=\/wp\/v2\/pages\/986\/revisions\/17641"}],"wp:attachment":[{"href":"https:\/\/www.cdup.pt\/index.php?rest_route=%2Fwp%2Fv2%2Fmedia&parent=986"}],"curies":[{"name":"wp","href":"https:\/\/api.w.org\/{rel}","templated":true}]}}