{"id":787,"date":"2025-11-26T17:22:26","date_gmt":"2025-11-26T17:22:26","guid":{"rendered":"https:\/\/demo.cdup.pt\/?page_id=787"},"modified":"2025-11-26T17:23:52","modified_gmt":"2025-11-26T17:23:52","slug":"my-account","status":"publish","type":"page","link":"https:\/\/www.cdup.pt\/?page_id=787","title":{"rendered":"S\u00f3cios"},"content":{"rendered":"<div class=\"woocommerce\"><div class=\"woocommerce-notices-wrapper\"><\/div>\n\n<div class=\"u-columns col2-set\" id=\"customer_login\">\n\n\t<div class=\"u-column1 col-1\">\n\n\n\t\t<h2>Iniciar sess\u00e3o<\/h2>\n\n\t\t<form class=\"woocommerce-form woocommerce-form-login login\" method=\"post\" novalidate>\n\n\t\t\t\n\t\t\t<p class=\"woocommerce-form-row woocommerce-form-row--wide form-row form-row-wide\">\n\t\t\t\t<label for=\"username\">Nome de utilizador ou email&nbsp;<span class=\"required\" aria-hidden=\"true\">*<\/span><span class=\"screen-reader-text\">Obrigat\u00f3rio<\/span><\/label>\n\t\t\t\t<input type=\"text\" class=\"woocommerce-Input woocommerce-Input--text input-text\" name=\"username\" id=\"username\" autocomplete=\"username\" value=\"\" required aria-required=\"true\" \/>\t\t\t<\/p>\n\t\t\t<p class=\"woocommerce-form-row woocommerce-form-row--wide form-row form-row-wide\">\n\t\t\t\t<label for=\"password\">Senha&nbsp;<span class=\"required\" aria-hidden=\"true\">*<\/span><span class=\"screen-reader-text\">Obrigat\u00f3rio<\/span><\/label>\n\t\t\t\t<input class=\"woocommerce-Input woocommerce-Input--text input-text\" type=\"password\" name=\"password\" id=\"password\" autocomplete=\"current-password\" required aria-required=\"true\" \/>\n\t\t\t<\/p>\n\n\t\t\t\n\t\t\t<p class=\"form-row\">\n\t\t\t\t<label class=\"woocommerce-form__label woocommerce-form__label-for-checkbox woocommerce-form-login__rememberme\">\n\t\t\t\t\t<input class=\"woocommerce-form__input woocommerce-form__input-checkbox\" name=\"rememberme\" type=\"checkbox\" id=\"rememberme\" value=\"forever\" \/> <span>Manter sess\u00e3o<\/span>\n\t\t\t\t<\/label>\n\t\t\t\t<input type=\"hidden\" id=\"woocommerce-login-nonce\" name=\"woocommerce-login-nonce\" value=\"5f783ad7ab\" \/><input type=\"hidden\" name=\"_wp_http_referer\" value=\"\/index.php?rest_route=%2Fwp%2Fv2%2Fpages%2F787\" \/>\t\t\t\t<button type=\"submit\" class=\"woocommerce-button button woocommerce-form-login__submit wp-element-button\" name=\"login\" value=\"Iniciar sess\u00e3o\">Iniciar sess\u00e3o<\/button>\n\t\t\t<\/p>\n\t\t\t<p class=\"woocommerce-LostPassword lost_password\">\n\t\t\t\t<a href=\"https:\/\/www.cdup.pt\/?page_id=787&#038;lost-password\">Perdeu a sua senha?<\/a>\n\t\t\t<\/p>\n\n\t\t\t\n\t\t<\/form>\n\n\n\t<\/div>\n\n\t<div class=\"u-column2 col-2\">\n\n\t\t<h2>Registar nova conta<\/h2>\n\n\t\t<form method=\"post\" class=\"woocommerce-form woocommerce-form-register register\"  >\n\n\t\t\t\n\t\t\t\n\t\t\t<p class=\"woocommerce-form-row woocommerce-form-row--wide form-row form-row-wide\">\n\t\t\t\t<label for=\"reg_email\">Endere\u00e7o de email&nbsp;<span class=\"required\" aria-hidden=\"true\">*<\/span><span class=\"screen-reader-text\">Obrigat\u00f3rio<\/span><\/label>\n\t\t\t\t<input type=\"email\" class=\"woocommerce-Input woocommerce-Input--text input-text\" name=\"email\" id=\"reg_email\" autocomplete=\"email\" value=\"\" required aria-required=\"true\" \/>\t\t\t<\/p>\n\n\t\t\t\n\t\t\t\t<p>A liga\u00e7\u00e3o para definir uma nova senha ser\u00e1 enviada para o seu endere\u00e7o de email.<\/p>\n\n\t\t\t\n\t\t\t<wc-order-attribution-inputs><\/wc-order-attribution-inputs><div class=\"woocommerce-privacy-policy-text\"><p>A sua privacidade \u00e9 importante para n\u00f3s. Esta pol\u00edtica de privacidade explica como<br \/>\ncoletamos, usamos, divulgamos e protegemos as suas informa\u00e7\u00f5es quando voc\u00ea visita<br \/>\no nosso site http:\/\/www.cdup.pt.  <a href=\"https:\/\/www.cdup.pt\/?page_id=3\" class=\"woocommerce-privacy-policy-link\" target=\"_blank\">pol\u00edtica de privacidade<\/a>.<\/p>\n<\/div>\n\t\t\t<p class=\"woocommerce-form-row form-row\">\n\t\t\t\t<input type=\"hidden\" id=\"woocommerce-register-nonce\" name=\"woocommerce-register-nonce\" value=\"fe82f4b430\" \/><input type=\"hidden\" name=\"_wp_http_referer\" value=\"\/index.php?rest_route=%2Fwp%2Fv2%2Fpages%2F787\" \/>\t\t\t\t<button type=\"submit\" class=\"woocommerce-Button woocommerce-button button wp-element-button woocommerce-form-register__submit\" name=\"register\" value=\"Registar nova conta\">Registar nova conta<\/button>\n\t\t\t<\/p>\n\n\t\t\t\n\t\t<\/form>\n\n\t<\/div>\n\n<\/div>\n\n<\/div>\n\n\n\n<figure class=\"wp-block-image aligncenter size-full is-resized\"><img decoding=\"async\" src=\"https:\/\/posoriobysprint0.wordpress.com\/wp-content\/uploads\/2025\/05\/screenshot-2025-05-21-at-11.01.50.png\" alt=\"\" class=\"wp-image-757\" style=\"width:176px;height:auto\"\/><\/figure>\n\n\n\n<p class=\"has-text-align-center has-large-font-size\"><p class=\"has-text-align-center has-large-font-size\"><strong>FICHA DE NOVO S\u00d3CIO&nbsp;<\/strong><\/p>\n<p class=\"has-text-align-center has-large-font-size\"><\/p><\/p>\n\n\n\n<p class=\"has-text-align-left has-x-small-font-size\" style=\"margin-right:0;margin-left:0\"><p>Caso n\u00e3o tenha pago a cota anual, v\u00e1 ao Menu Loja e adicione o Artigo &#8211; <a href=\"\/?product=cota-socio-cdup\" data-type=\"product\" data-id=\"17547\">Cota S\u00f3cio CDUP<\/a><\/p><\/p>\n\n\n\n<p class=\"has-text-align-left has-x-small-font-size\" style=\"margin-right:0;margin-left:0\">Efetue o pagamento deste artigo da loja para o NIB do CDUP e envie uma fotografia tipo passe em formato digital (com boa resolu\u00e7\u00e3o)\u00a0bem como o comprovativo para o email : <a href=\"mailto:info@cdup.pt\" target=\"_blank\" rel=\"noreferrer noopener\">info@cdup.pt<\/a><br><p>Caso pretenda ser novo S\u00f3cio, preencha os seguintes Campos do Formul\u00e1rio e clique em Enviar. Ap\u00f3s isso efetue o pagamento adicionando os dois artigos da Loja (Cart\u00e3o + Cota anual).\u00a0<\/p><\/p>\n\n\n\n<p><\/p>\n\n\n\n<p class=\"has-text-align-left has-x-small-font-size\" style=\"margin-right:0;margin-left:0\"><strong>Ficha de Novo S\u00f3cio CDUP<\/strong><\/p>\n\n\n<div class=\"wp-block-jetpack-contact-form is-style-default is-layout-flex wp-container-jetpack-contact-form-is-layout-2b4208ba wp-block-jetpack-contact-form-is-layout-flex\"><a href=\"https:\/\/www.cdup.pt\/?page_id=787\" target=\"_blank\" rel=\"noopener noreferrer\">Submit a form.<\/a><\/div>\n\n\n<p class=\"has-text-align-left has-x-small-font-size\" style=\"margin-right:0;margin-left:0\">&nbsp;<\/p>\n\n\n<div style=\"border-style:none;border-width:0px; padding-right:0;padding-left:0;margin-right:0;margin-left:0;margin-top:0;margin-bottom:0;\" class=\"has-text-align-left wp-block-post-date\"><time datetime=\"2025-11-26T17:22:26+00:00\">Novembro 26, 2025<\/time><\/div>\n\n\n<p><\/p>\n","protected":false},"excerpt":{"rendered":"<p>FICHA DE NOVO S\u00d3CIO&nbsp; Caso n\u00e3o tenha pago a cota anual, v\u00e1 ao Menu Loja e adicione o Artigo &#8211; Cota S\u00f3cio CDUP Efetue o pagamento deste artigo da loja para o NIB do CDUP e envie uma fotografia tipo passe em formato digital (com boa resolu\u00e7\u00e3o)\u00a0bem como o comprovativo para o email : info@cdup.pt [&hellip;]<\/p>\n","protected":false},"author":1,"featured_media":0,"parent":0,"menu_order":0,"comment_status":"closed","ping_status":"closed","template":"page-cart","meta":{"_acf_changed":false,"footnotes":""},"class_list":["post-787","page","type-page","status-publish","hentry"],"mb":[],"acf":[],"featured_image_url":[],"post_author":"cdup natacao","assigned_categories":"","jetpack_sharing_enabled":true,"mfb_rest_fields":["title","featured_image_url","post_author","assigned_categories","jetpack_sharing_enabled"],"_links":{"self":[{"href":"https:\/\/www.cdup.pt\/index.php?rest_route=\/wp\/v2\/pages\/787","targetHints":{"allow":["GET"]}}],"collection":[{"href":"https:\/\/www.cdup.pt\/index.php?rest_route=\/wp\/v2\/pages"}],"about":[{"href":"https:\/\/www.cdup.pt\/index.php?rest_route=\/wp\/v2\/types\/page"}],"author":[{"embeddable":true,"href":"https:\/\/www.cdup.pt\/index.php?rest_route=\/wp\/v2\/users\/1"}],"replies":[{"embeddable":true,"href":"https:\/\/www.cdup.pt\/index.php?rest_route=%2Fwp%2Fv2%2Fcomments&post=787"}],"version-history":[{"count":14,"href":"https:\/\/www.cdup.pt\/index.php?rest_route=\/wp\/v2\/pages\/787\/revisions"}],"predecessor-version":[{"id":17616,"href":"https:\/\/www.cdup.pt\/index.php?rest_route=\/wp\/v2\/pages\/787\/revisions\/17616"}],"wp:attachment":[{"href":"https:\/\/www.cdup.pt\/index.php?rest_route=%2Fwp%2Fv2%2Fmedia&parent=787"}],"curies":[{"name":"wp","href":"https:\/\/api.w.org\/{rel}","templated":true}]}}