{"id":747,"date":"2025-04-09T10:02:44","date_gmt":"2025-04-09T09:02:44","guid":{"rendered":"https:\/\/posoriobysprint0.wordpress.com\/?page_id=747"},"modified":"2025-11-04T11:17:04","modified_gmt":"2025-11-04T11:17:04","slug":"socios","status":"publish","type":"page","link":"https:\/\/www.cdup.pt\/?page_id=747","title":{"rendered":"S\u00f3cios"},"content":{"rendered":"\n<div class=\"wp-block-jetpack-contact-form\">\n<\/div>\n\n\n\n<p class=\"has-text-align-center has-large-font-size\"><strong>FICHA DE NOVO S\u00d3CIO<br><\/strong><\/p>\n\n\n\n<div class=\"wp-block-contact-form-7-contact-form-selector\">\n<div class=\"wpcf7 no-js\" id=\"wpcf7-f897-o1\" lang=\"pt-PT\" dir=\"ltr\" data-wpcf7-id=\"897\">\n<div class=\"screen-reader-response\"><p role=\"status\" aria-live=\"polite\" aria-atomic=\"true\"><\/p> <ul><\/ul><\/div>\n<form action=\"\/index.php?rest_route=%2Fwp%2Fv2%2Fpages%2F747#wpcf7-f897-o1\" method=\"post\" class=\"wpcf7-form init\" aria-label=\"Formul\u00e1rio de contacto\" enctype=\"multipart\/form-data\" novalidate=\"novalidate\" data-status=\"init\">\n<fieldset class=\"hidden-fields-container\"><input type=\"hidden\" name=\"_wpcf7\" value=\"897\" \/><input type=\"hidden\" name=\"_wpcf7_version\" value=\"6.1.5\" \/><input type=\"hidden\" name=\"_wpcf7_locale\" value=\"pt_PT\" \/><input type=\"hidden\" name=\"_wpcf7_unit_tag\" value=\"wpcf7-f897-o1\" \/><input type=\"hidden\" name=\"_wpcf7_container_post\" value=\"0\" \/><input type=\"hidden\" name=\"_wpcf7_posted_data_hash\" value=\"\" \/>\n<\/fieldset>\n<p><label> Nome<br \/>\n<span class=\"wpcf7-form-control-wrap\" data-name=\"your-name\"><input size=\"40\" maxlength=\"400\" class=\"wpcf7-form-control wpcf7-text wpcf7-validates-as-required\" autocomplete=\"name\" aria-required=\"true\" aria-invalid=\"false\" value=\"\" type=\"text\" name=\"your-name\" \/><\/span> <\/label>\n<\/p>\n<p><label> Data Nascimento<br \/>\n<span class=\"wpcf7-form-control-wrap\" data-name=\"date-448\"><input class=\"wpcf7-form-control wpcf7-date wpcf7-validates-as-date\" aria-invalid=\"false\" value=\"\" type=\"date\" name=\"date-448\" \/><\/span> <\/label>\n<\/p>\n<p><label> Email<br \/>\n<span class=\"wpcf7-form-control-wrap\" data-name=\"email-237\"><input size=\"40\" maxlength=\"400\" class=\"wpcf7-form-control wpcf7-email wpcf7-validates-as-required wpcf7-text wpcf7-validates-as-email\" aria-required=\"true\" aria-invalid=\"false\" value=\"\" type=\"email\" name=\"email-237\" \/><\/span> <\/label>\n<\/p>\n<p><label> Telem\u00f3vel<br \/>\n<span class=\"wpcf7-form-control-wrap\" data-name=\"tel-571\"><input size=\"40\" maxlength=\"400\" class=\"wpcf7-form-control wpcf7-tel wpcf7-text wpcf7-validates-as-tel\" aria-invalid=\"false\" value=\"\" type=\"tel\" name=\"tel-571\" \/><\/span> <\/label>\n<\/p>\n<p><label> Cidade<br \/>\n<span class=\"wpcf7-form-control-wrap\" data-name=\"Cidade\"><textarea cols=\"40\" rows=\"10\" maxlength=\"30\" minlength=\"3\" class=\"wpcf7-form-control wpcf7-textarea\" aria-invalid=\"false\" name=\"Cidade\"><\/textarea><\/span> <\/label>\n<\/p>\n<p><label> Faculdade<br \/>\n<span class=\"wpcf7-form-control-wrap\" data-name=\"Faculdade\"><textarea cols=\"40\" rows=\"10\" maxlength=\"30\" minlength=\"3\" class=\"wpcf7-form-control wpcf7-textarea\" aria-invalid=\"false\" name=\"Faculdade\"><\/textarea><\/span> <\/label>\n<\/p>\n<p><label> Atleta Modalidade<br \/>\n<span class=\"wpcf7-form-control-wrap\" data-name=\"select-221\"><select class=\"wpcf7-form-control wpcf7-select\" aria-invalid=\"false\" name=\"select-221\"><option value=\"Bridge\">Bridge<\/option><option value=\"Badminton\">Badminton<\/option><option value=\"Nata\u00e7\u00e3o\">Nata\u00e7\u00e3o<\/option><option value=\"Polo Aqu\u00e1tico\">Polo Aqu\u00e1tico<\/option><option value=\"Remo\">Remo<\/option><option value=\"Rugby\">Rugby<\/option><option value=\"Voleibol\">Voleibol<\/option><option value=\"Atletismo\">Atletismo<\/option><option value=\"Basquetebol\">Basquetebol<\/option><option value=\"Andebol\">Andebol<\/option><option value=\"T\u00e9nis de Mesa\">T\u00e9nis de Mesa<\/option><option value=\"Gin\u00e1stica\">Gin\u00e1stica<\/option><\/select><\/span> <\/label>\n<\/p>\n<p><label>Foto<br \/>\n<span class=\"wpcf7-form-control-wrap\" data-name=\"file-565\"><input size=\"40\" class=\"wpcf7-form-control wpcf7-file\" accept=\"audio\/*,video\/*,image\/*\" aria-invalid=\"false\" type=\"file\" name=\"file-565\" \/><\/span> <\/label>\n<\/p>\n<p><span class=\"wpcf7-form-control-wrap\" data-name=\"Aceito\"><span class=\"wpcf7-form-control wpcf7-acceptance optional\"><span class=\"wpcf7-list-item\"><label><input type=\"checkbox\" name=\"Aceito\" value=\"1\" aria-invalid=\"false\" \/><span class=\"wpcf7-list-item-label\">Declaro que, ao abrigo do Regulamento Geral sobre a Protec\u00e7\u00e3o de Dados, dou o meu consentimento de forma livre, espec\u00edfica e informada, para a recolha e tratamento dos dados pessoais acima recolhidos por parte do CDUP. Enquanto titular dos dados pessoais, tenho conhecimento que a qualquer momento poderei retirar o consentimento agora facultado, sem comprometer o funcionamento dos servi\u00e7os desportivos desta Institui\u00e7\u00e3o. Para o efeito, caso pretenda aceder, rectificar ou eliminar os meus dados pessoais, deverei contactar info@cdup.pt<\/span><\/label><\/span><\/span><\/span>\n<\/p>\n<p><input class=\"wpcf7-form-control wpcf7-submit has-spinner\" type=\"submit\" value=\"Enviar\" \/>\n<\/p><p style=\"display: none !important;\" class=\"akismet-fields-container\" data-prefix=\"_wpcf7_ak_\"><label>&#916;<textarea name=\"_wpcf7_ak_hp_textarea\" cols=\"45\" rows=\"8\" maxlength=\"100\"><\/textarea><\/label><input type=\"hidden\" id=\"ak_js_1\" name=\"_wpcf7_ak_js\" value=\"235\"\/><script>document.getElementById( \"ak_js_1\" ).setAttribute( \"value\", ( new Date() ).getTime() );<\/script><\/p><div class=\"wpcf7-response-output\" aria-hidden=\"true\"><\/div>\n<\/form>\n<\/div>\n<\/div>\n\n\n\n<div class=\"wp-block-jetpack-contact-form\">\n<\/div>\n\n\n\n<p class=\"has-text-align-left has-x-small-font-size\" style=\"margin-right:0;margin-left:0\"><br>Porto<\/p>\n\n\n<div style=\"border-style:none;border-width:0px; padding-right:0;padding-left:0;margin-right:0;margin-left:0;margin-top:0;margin-bottom:0;\" class=\"wp-block-post-date__modified-date has-text-align-left wp-block-post-date\"><time datetime=\"2025-11-04T11:17:04+00:00\">Novembro 4, 2025<\/time><\/div>\n\n\n<p><\/p>\n","protected":false},"excerpt":{"rendered":"<p>FICHA DE NOVO S\u00d3CIO Porto<\/p>\n","protected":false},"author":1,"featured_media":0,"parent":0,"menu_order":0,"comment_status":"closed","ping_status":"closed","template":"","meta":{"_acf_changed":false,"footnotes":""},"class_list":["post-747","page","type-page","status-publish","hentry"],"mb":[],"acf":[],"featured_image_url":[],"post_author":"cdup natacao","assigned_categories":"","jetpack_sharing_enabled":true,"mfb_rest_fields":["title","featured_image_url","post_author","assigned_categories","jetpack_sharing_enabled"],"_links":{"self":[{"href":"https:\/\/www.cdup.pt\/index.php?rest_route=\/wp\/v2\/pages\/747","targetHints":{"allow":["GET"]}}],"collection":[{"href":"https:\/\/www.cdup.pt\/index.php?rest_route=\/wp\/v2\/pages"}],"about":[{"href":"https:\/\/www.cdup.pt\/index.php?rest_route=\/wp\/v2\/types\/page"}],"author":[{"embeddable":true,"href":"https:\/\/www.cdup.pt\/index.php?rest_route=\/wp\/v2\/users\/1"}],"replies":[{"embeddable":true,"href":"https:\/\/www.cdup.pt\/index.php?rest_route=%2Fwp%2Fv2%2Fcomments&post=747"}],"version-history":[{"count":10,"href":"https:\/\/www.cdup.pt\/index.php?rest_route=\/wp\/v2\/pages\/747\/revisions"}],"predecessor-version":[{"id":17440,"href":"https:\/\/www.cdup.pt\/index.php?rest_route=\/wp\/v2\/pages\/747\/revisions\/17440"}],"wp:attachment":[{"href":"https:\/\/www.cdup.pt\/index.php?rest_route=%2Fwp%2Fv2%2Fmedia&parent=747"}],"curies":[{"name":"wp","href":"https:\/\/api.w.org\/{rel}","templated":true}]}}