{"id":6,"date":"2024-08-21T14:28:53","date_gmt":"2024-08-21T14:28:53","guid":{"rendered":"http:\/\/posoriobysprint0.wordpress.com\/?page_id=1"},"modified":"2025-11-26T19:50:15","modified_gmt":"2025-11-26T19:50:15","slug":"about","status":"publish","type":"page","link":"https:\/\/www.cdup.pt\/?page_id=6","title":{"rendered":"Historial"},"content":{"rendered":"\n<figure class=\"wp-block-gallery has-nested-images columns-default is-cropped wp-block-gallery-1 is-layout-flex wp-block-gallery-is-layout-flex\">\n<figure class=\"wp-block-image size-large\"><img loading=\"lazy\" decoding=\"async\" width=\"600\" height=\"600\" data-id=\"17542\" src=\"https:\/\/www.cdup.pt\/wp-content\/uploads\/2025\/11\/logo.png\" alt=\"\" class=\"wp-image-17542\" srcset=\"https:\/\/www.cdup.pt\/wp-content\/uploads\/2025\/11\/logo.png 600w, https:\/\/www.cdup.pt\/wp-content\/uploads\/2025\/11\/logo-300x300.png 300w, https:\/\/www.cdup.pt\/wp-content\/uploads\/2025\/11\/logo-150x150.png 150w, https:\/\/www.cdup.pt\/wp-content\/uploads\/2025\/11\/logo-100x100.png 100w\" sizes=\"auto, (max-width: 600px) 100vw, 600px\" \/><\/figure>\n<\/figure>\n\n\n\n<p>A data de funda\u00e7\u00e3o do Centro Desportivo Universit\u00e1rio do Porto \u00e9 de 26 de novembro de 1949. Desde cedo que a Universidade do Porto contou com organismos de apoio aos estudantes. Os antecedentes dos atuais Servi\u00e7os de A\u00e7\u00e3o Social da Universidade do Porto (SASUP) datam de abril de 1939, ano em que surgiu o Centro Escolar n\u00ba 5 da Ala do Porto da Mocidade Portuguesa. A partir da inaugura\u00e7\u00e3o do Centro Universit\u00e1rio do Porto (CUP), em 1942, que esta realidade se tornou mais efetiva.<\/p>\n\n\n\n<p>Criado por a\u00e7\u00e3o do Prof. Domingos Rosas da Silva, o CUP foi instalado na Rua da Boa Hora, n\u00ba 18 com o objetivo de fomentar a coopera\u00e7\u00e3o entre professores e estudantes afectos \u00e0 Mocidade Portuguesa. Esta vincula\u00e7\u00e3o manteve-se at\u00e9 janeiro de 1959, quando o Centro foi oficialmente integrado como \u00f3rg\u00e3o da Universidade do Porto.<\/p>\n\n\n\n<p>As atividades do Centro abarcaram vertentes diversas ao longo dos anos, desde a desportiva (iniciada em 1942 por a\u00e7\u00e3o da sec\u00e7\u00e3o de Educa\u00e7\u00e3o F\u00edsica que, em 1949, daria origem ao Centro Desportivo Universit\u00e1rio do Porto \u2013 CDUP) a uma s\u00e9rie de a\u00e7\u00f5es de cariz social.<\/p>\n\n\n\n<p>A 28 de Abril de 1953 \u00e9 inaugurado o Est\u00e1dio Universit\u00e1rio do Porto Prof. Dr. Jayme Rios Souza.<\/p>\n\n\n\n<p><a href=\"https:\/\/1f0bddd787.clvaw-cdnwnd.com\/546aebdfae2182283c8b2f449b0bfa4b\/200000043-85def85df1\/maisrecentes1-2-1.jpeg?ph=1f0bddd787\"><\/a><\/p>\n\n\n\n<figure class=\"wp-block-image aligncenter size-large is-resized\"><img loading=\"lazy\" decoding=\"async\" width=\"931\" height=\"1024\" src=\"https:\/\/demo.cdup.pt\/wp-content\/uploads\/2025\/05\/inauguracao_estadio_un-931x1024.jpg\" alt=\"inaugura\u00e7\u00e3o do estadio Universitario\" class=\"wp-image-16596\" style=\"width:592px\" srcset=\"https:\/\/www.cdup.pt\/wp-content\/uploads\/2025\/05\/inauguracao_estadio_un-931x1024.jpg 931w, https:\/\/www.cdup.pt\/wp-content\/uploads\/2025\/05\/inauguracao_estadio_un-600x660.jpg 600w, https:\/\/www.cdup.pt\/wp-content\/uploads\/2025\/05\/inauguracao_estadio_un-273x300.jpg 273w, https:\/\/www.cdup.pt\/wp-content\/uploads\/2025\/05\/inauguracao_estadio_un-768x844.jpg 768w, https:\/\/www.cdup.pt\/wp-content\/uploads\/2025\/05\/inauguracao_estadio_un-1397x1536.jpg 1397w, https:\/\/www.cdup.pt\/wp-content\/uploads\/2025\/05\/inauguracao_estadio_un.jpg 1842w\" sizes=\"auto, (max-width: 931px) 100vw, 931px\" \/><\/figure>\n\n\n\n<p>Com a presen\u00e7a de v\u00e1rias entidades da comunidade a inaugura\u00e7\u00e3o conta com o desfile de v\u00e1rios atletas das Universidades do Porto, Lisboa e Coimbra e realizam-se v\u00e1rios jogos entre as v\u00e1rias equipas presentes.<\/p>\n\n\n\n<p>Simultaneamente com a inaugura\u00e7\u00e3o do Est\u00e1dio \u00e9 publicado um Decreto-Lei criando na Universidade do Porto o lugar de Dirigente da Educa\u00e7\u00e3o F\u00edsica, cargo para que \u00e9 nomeado em Outubro de 1953 o Prof. Carlos Costa Pereira.<\/p>\n\n\n\n<figure class=\"wp-block-image aligncenter\" style=\"margin-top:0;margin-right:var(--wp--preset--spacing--20);margin-bottom:0;margin-left:var(--wp--preset--spacing--20)\"><img decoding=\"async\" src=\"https:\/\/1f0bddd787.clvaw-cdnwnd.com\/546aebdfae2182283c8b2f449b0bfa4b\/200000042-8de9a8de9e\/342991591_544672690926140_7638868083025718453_n.jpeg?ph=1f0bddd787\" alt=\"\"\/><\/figure>\n\n\n\n<p>Em Janeiro de 1957 passa a desempenhar essas fun\u00e7\u00f5es o Prof. Lu\u00eds Manuel Falc\u00e3o de Berredo Santos.<br>Em sess\u00e3o da Direc\u00e7\u00e3o de 18 de Novembro de 1953 \u00e9 aprovado o Regulamento dos Servi\u00e7os M\u00e9dicos do C. D. U. P.<br>No ano de 1958-59 consegue-se contratar treinadores especializados. A Direc\u00e7\u00e3o resolve que, tanto quanto poss\u00edvel, sejam escolhidos diplomados pelo I. N. E. F.<br>S\u00e3o contratados os Professores Armelino Bentes (Basquetebol), A. Ramalho (Andebol), Lu\u00eds Falc\u00e3o Santos (Atletismo), Fernando Barbedo (Remo) e D.r Ernesto Braga (Nata\u00e7\u00e3o) e D.r Ernesto Braga (Nata\u00e7\u00e3o). Em 1960-61 \u00e9 contratado o Prof. Jos\u00e9 Noronha Feio para a sec\u00e7\u00e3o de Voleibol que em 1963-64, por ter sido nomeado Director do .I N. E. F., \u00e9 substitu\u00eddo pelo Prof. Lu\u00eds Falc\u00e3o Santos e no ano de 1961-62 s\u00e3o contratados, de novo, os Professores Ant\u00f3nio Castanho (Andebol), D. Maria J\u00falia Rezende Ferreira Mendes (Gin\u00e1stica e Inicia\u00e7\u00e3o Desportiva Feminina) e Fernando Ranito (H\u00f3quei em Patins).<br>Em 1962-63 a Professora D. Maria J\u00falia Rezende Ferreira Mendes \u00e9 substitu\u00edda pela Professora D. Tanagra de Noronha Feio. Na reuni\u00e3o da Direc\u00e7\u00e3o de 2 de Junho de 1956 \u00e9 criado o cargo de Secret\u00e1rio-Geral para o qual \u00e9 nomeado Ant\u00f3nio Jo\u00e3o Couceiro Fonseca.<br>Em 1961-62 \u00e9 nomeado Secret\u00e1rio-Geral Jos\u00e9 Arnaldo da Piedade de Noronha, cargo que passa a ser desempenhado em 1962-63 por M\u00e1rio Naia Seabra e em 1963-64 por Artur Monteiro.<\/p>\n\n\n\n<p>Em 26 de Abril de 1958 \u00e9 inaugurado no Lar do Infante D. Henrique um Tanque de Remo e em 1959-60 a Sec\u00e7\u00e3o de Remo adquire, em It\u00e1lia, um Schell de .4<\/p>\n\n\n\n<p>Em 1956 organiza-se na piscina do Liceu D. Manuel I um Curso de Nata\u00e7\u00e3o regido por Rui Marques da Silva, que em 1959 \u00e9 substitu\u00eddo pelo Dr. Ernesto Braga.<\/p>\n\n\n\n<p>Em 1961-62 tomou a direc\u00e7\u00e3o do curso o Dr. An\u00edbal Justiniano e em 1963-64 Manuel Monteiro. Em 1960 come\u00e7a a Sec\u00e7\u00e3o de Nata\u00e7\u00e3o a utilizar tamb\u00e9m a piscina do Regimento de Artilharia Pesada n.\u00b0 2.<\/p>\n\n\n\n<p>A 25 de Outubro de 1968 realiza-se a inaugura\u00e7\u00e3o do Pavilh\u00e3o Desportivo Prof. Doutor Galv\u00e3o Telles.<\/p>\n\n\n\n<p><a href=\"https:\/\/1f0bddd787.clvaw-cdnwnd.com\/546aebdfae2182283c8b2f449b0bfa4b\/200000046-4ee4a4ee4c\/Pavilhao_EU1968.jpeg?ph=1f0bddd787\"><\/a><\/p>\n\n\n\n<figure class=\"wp-block-image aligncenter is-resized\"><img decoding=\"async\" src=\"https:\/\/1f0bddd787.clvaw-cdnwnd.com\/546aebdfae2182283c8b2f449b0bfa4b\/200000046-4ee4a4ee4c\/Pavilhao_EU1968.jpeg?ph=1f0bddd787\" alt=\"\" style=\"width:592px\"\/><\/figure>\n\n\n\n<p><a href=\"https:\/\/1f0bddd787.clvaw-cdnwnd.com\/546aebdfae2182283c8b2f449b0bfa4b\/200000046-4ee4a4ee4c\/Pavilhao_EU1968.jpeg?ph=1f0bddd787\"><\/a><a href=\"https:\/\/1f0bddd787.clvaw-cdnwnd.com\/546aebdfae2182283c8b2f449b0bfa4b\/200000047-526bb526bd\/estadio-universitario-do-porto-bancada-crea-4.jpeg?ph=1f0bddd787\"><\/a><a href=\"https:\/\/1f0bddd787.clvaw-cdnwnd.com\/546aebdfae2182283c8b2f449b0bfa4b\/200000047-526bb526bd\/estadio-universitario-do-porto-bancada-crea-4.jpeg?ph=1f0bddd787\"><\/a><\/p>\n\n\n\n<p>Ao longo dos anos de exist\u00eancia o CDUP permite aos alunos a pr\u00e1tica de um grande n\u00famero de desportos e tem sec\u00e7\u00f5es dedicadas a diversas modalidades desportivas de n\u00edvel competitivo, nomeadamente Atletismo, Andebol, Badminton, Basquetebol, Bridge, Canoagem, Esgrima, Equita\u00e7\u00e3o, Gin\u00e1stica, H\u00f3quei, Judo, Karat\u00e9, Nata\u00e7\u00e3o, Nata\u00e7\u00e3o Sincronizada, P\u00f3lo Aqu\u00e1tico, Remo, Rugby, Taekwondo, T\u00e9nis de mesa, T\u00e9nis, Voleibol e o Xadrez.<\/p>\n\n\n\n<figure class=\"wp-block-image aligncenter is-resized\"><img decoding=\"async\" src=\"https:\/\/1f0bddd787.clvaw-cdnwnd.com\/546aebdfae2182283c8b2f449b0bfa4b\/200000047-526bb526bd\/estadio-universitario-do-porto-bancada-crea-4.jpeg?ph=1f0bddd787\" alt=\"\" style=\"width:592px\"\/><\/figure>\n\n\n\n<p>Em Setembro de 2004 \u00e9 criado o Gabinete de Actividades Desportivas (GADUP)<\/p>\n\n\n\n<p>Em novembro de 2012, o CDUP e a Universidade do Porto chegaram a acordo para resolver o diferendo que mantinham desde 2003, devido \u00e0 Universidade n\u00e3o apoiar financeiramente a vertente desportiva federada do clube.<\/p>\n\n\n\n<p>Em consequ\u00eancia deste acordo, a Universidade do Porto publicou, em janeiro de 2013, os estatutos de um novo servi\u00e7o aut\u00f3nomo da Universidade denominado &#8220;CDUP-UP \u2013 Centro de Desporto da Universidade do Porto&#8221; com a responsabilidade de promover e organizar o desporto universit\u00e1rio.<\/p>\n\n\n\n<figure class=\"wp-block-image aligncenter is-resized\"><img decoding=\"async\" src=\"https:\/\/1f0bddd787.clvaw-cdnwnd.com\/546aebdfae2182283c8b2f449b0bfa4b\/200000052-00b1600b17\/343220707_933694057921965_4624070484759620128_n-3.jpeg?ph=1f0bddd787\" alt=\"\" style=\"width:592px\"\/><\/figure>\n\n\n\n<p>O CDUP manteve-se juridicamente aut\u00f3nomo em rela\u00e7\u00e3o \u00e0 Universidade do Porto , embora sem responsabilidade pelo desporto universit\u00e1rio. Por isso, foi-lhe proposta a altera\u00e7\u00e3o da sua denomina\u00e7\u00e3o para &#8220;CDUP-AD \u2013 Centro Desportivo Universit\u00e1rio do Porto, associa\u00e7\u00e3o desportiva aut\u00f3noma&#8221; e passou a ser respons\u00e1vel apenas pelo desporto federado n\u00e3o universit\u00e1rio.<\/p>\n\n\n\n<p>Em Abril 2023 o Centro de Desporto da Universidade do Porto assinalou o 70 anivers\u00e1rio do Est\u00e1dio Universit\u00e1rio Prof. Doutor Jayme Rios de Souza.<a href=\"https:\/\/1f0bddd787.clvaw-cdnwnd.com\/546aebdfae2182283c8b2f449b0bfa4b\/200000052-00b1600b17\/343220707_933694057921965_4624070484759620128_n-3.jpeg?ph=1f0bddd787\"><\/a><\/p>\n\n\n\n<figure class=\"wp-block-image aligncenter is-resized\"><img decoding=\"async\" src=\"https:\/\/1f0bddd787.clvaw-cdnwnd.com\/546aebdfae2182283c8b2f449b0bfa4b\/200000050-a6ddba6dde\/343931791_1370063633837897_1782436348771006828_n.jpeg?ph=1f0bddd787\" alt=\"\" style=\"width:592px\"\/><\/figure>\n\n\n\n<p><a href=\"https:\/\/1f0bddd787.clvaw-cdnwnd.com\/546aebdfae2182283c8b2f449b0bfa4b\/200000050-a6ddba6dde\/343931791_1370063633837897_1782436348771006828_n.jpeg?ph=1f0bddd787\"><\/a><\/p>\n\n\n\n<p>Este momento de conv\u00edvio e partilha de mem\u00f3rias, entre dezenas de ilustres convidados, contou com a presen\u00e7a de membros da Universidade do Porto, do IPDJ e da \u00c1gora, bem como de mem\u00f3rias vivas do momento de inaugura\u00e7\u00e3o do Est\u00e1dio Universit\u00e1rio, em 1953, An\u00edbal Justiniano, antigo atleta e dirigente do CDUP, ainda ao lado do Professor Doutor Jayme Rios de Souza.<a href=\"https:\/\/1f0bddd787.clvaw-cdnwnd.com\/546aebdfae2182283c8b2f449b0bfa4b\/200000903-3d2bd3d2be\/75AnosCDUPNOV24-14.jpeg?ph=1f0bddd787\"><\/a><\/p>\n\n\n\n<p><a href=\"https:\/\/1f0bddd787.clvaw-cdnwnd.com\/546aebdfae2182283c8b2f449b0bfa4b\/200000720-6cced6ccee\/75AnosCDUPNOV24-83.jpeg?ph=1f0bddd787\"><\/a><\/p>\n\n\n\n<p>A 26 de Novembro de 2024 realizou-se o <a href=\"\/?p=9038\" data-type=\"post\" data-id=\"9038\">Jantar Comemorativo dos 75 Anos do CDUP<\/a>.<\/p>\n\n\n\n<figure class=\"wp-block-image aligncenter size-large is-resized\"><img loading=\"lazy\" decoding=\"async\" width=\"683\" height=\"1024\" src=\"https:\/\/demo.cdup.pt\/wp-content\/uploads\/2024\/11\/75AnosCDUPNOV24-116-683x1024.jpeg\" alt=\"\" class=\"wp-image-16954\" style=\"width:592px\" srcset=\"https:\/\/www.cdup.pt\/wp-content\/uploads\/2024\/11\/75AnosCDUPNOV24-116-683x1024.jpeg 683w, https:\/\/www.cdup.pt\/wp-content\/uploads\/2024\/11\/75AnosCDUPNOV24-116-scaled-600x900.jpeg 600w, https:\/\/www.cdup.pt\/wp-content\/uploads\/2024\/11\/75AnosCDUPNOV24-116-200x300.jpeg 200w, https:\/\/www.cdup.pt\/wp-content\/uploads\/2024\/11\/75AnosCDUPNOV24-116-768x1152.jpeg 768w, https:\/\/www.cdup.pt\/wp-content\/uploads\/2024\/11\/75AnosCDUPNOV24-116-1024x1536.jpeg 1024w, https:\/\/www.cdup.pt\/wp-content\/uploads\/2024\/11\/75AnosCDUPNOV24-116-1365x2048.jpeg 1365w, https:\/\/www.cdup.pt\/wp-content\/uploads\/2024\/11\/75AnosCDUPNOV24-116-scaled.jpeg 1707w\" sizes=\"auto, (max-width: 683px) 100vw, 683px\" \/><\/figure>\n\n\n\n<p>Reunir mais de 120 antigos e actuais Atletas e Dirigentes, a que se associaram o Senhor Secret\u00e1rio de Estado do Desporto, a Senhora Vereadora da C\u00e2mara Municipal do Porto, o Senhor Vereador da C\u00e2mara Municipal de Vila Nova de Gaia, o Director do Centro de Desporto da Universidade do Porto e ainda do Senhor Administrador da \u00c1gora Cultura e Desporto do Porto foi uma prova inequ\u00edvoca da resili\u00eancia e vitalidade do CDUP.<a href=\"https:\/\/1f0bddd787.clvaw-cdnwnd.com\/546aebdfae2182283c8b2f449b0bfa4b\/200000846-139e8139ea\/75AnosCDUPNOV24-51.jpeg?ph=1f0bddd787\"><\/a><\/p>\n\n\n\n<figure class=\"wp-block-image aligncenter size-large is-resized\"><a href=\"\/?p=9038\"><img loading=\"lazy\" decoding=\"async\" width=\"1024\" height=\"683\" src=\"https:\/\/demo.cdup.pt\/wp-content\/uploads\/2024\/11\/75AnosCDUPNOV24-14-3-1024x683.jpeg\" alt=\"\" class=\"wp-image-16881\" style=\"width:592px\" srcset=\"https:\/\/www.cdup.pt\/wp-content\/uploads\/2024\/11\/75AnosCDUPNOV24-14-3-1024x683.jpeg 1024w, https:\/\/www.cdup.pt\/wp-content\/uploads\/2024\/11\/75AnosCDUPNOV24-14-3-scaled-600x400.jpeg 600w, https:\/\/www.cdup.pt\/wp-content\/uploads\/2024\/11\/75AnosCDUPNOV24-14-3-300x200.jpeg 300w, https:\/\/www.cdup.pt\/wp-content\/uploads\/2024\/11\/75AnosCDUPNOV24-14-3-768x512.jpeg 768w, https:\/\/www.cdup.pt\/wp-content\/uploads\/2024\/11\/75AnosCDUPNOV24-14-3-1536x1024.jpeg 1536w, https:\/\/www.cdup.pt\/wp-content\/uploads\/2024\/11\/75AnosCDUPNOV24-14-3-2048x1365.jpeg 2048w\" sizes=\"auto, (max-width: 1024px) 100vw, 1024px\" \/><\/a><\/figure>\n\n\n\n<p>A Dire\u00e7\u00e3o do CDUP agradece e congratula-se com o sucesso alcan\u00e7ado com todas as iniciativas relacionados com o clube e espera poder continuar a contar com o apoio de todos, para futuras iniciativas.<\/p>\n\n\n\n<p>Viva o CDUP<a href=\"https:\/\/1f0bddd787.clvaw-cdnwnd.com\/546aebdfae2182283c8b2f449b0bfa4b\/200000968-5be6e5be6f\/75AnosCDUPNOV24-17.jpeg?ph=1f0bddd787\"><\/a><\/p>\n\n\n\n<p><a href=\"https:\/\/1f0bddd787.clvaw-cdnwnd.com\/546aebdfae2182283c8b2f449b0bfa4b\/200000711-6f7186f71a\/75AnosCDUPNOV24-16.jpeg?ph=1f0bddd787\"><\/a><\/p>\n\n\n\n<p><a href=\"https:\/\/1f0bddd787.clvaw-cdnwnd.com\/546aebdfae2182283c8b2f449b0bfa4b\/200000125-4010e40110\/449764823_8306099906080176_2320461106109646875_n.jpeg?ph=1f0bddd787\"><\/a><\/p>\n\n\n\n<div class=\"wp-block-buttons is-layout-flex wp-block-buttons-is-layout-flex\">\n<div class=\"wp-block-button is-style-fill\"><a class=\"wp-block-button__link has-background wp-element-button\" href=\"\/?page_id=16649\" style=\"border-width:3px;border-radius:20px;background-color:#003333\">Estatutos<\/a><\/div>\n<\/div>\n\n\n\n<p><a href=\"https:\/\/1f0bddd787.clvaw-cdnwnd.com\/546aebdfae2182283c8b2f449b0bfa4b\/200000119-edc2fedc31\/logo_natacao.png?ph=1f0bddd787\"><\/a><\/p>\n\n\n\n<p><a href=\"https:\/\/1f0bddd787.clvaw-cdnwnd.com\/546aebdfae2182283c8b2f449b0bfa4b\/200000140-0d5820d584\/451943104_8385748264782006_6383740621142879034_n.jpeg?ph=1f0bddd787\"><\/a><\/p>\n\n\n\n<p><a href=\"https:\/\/1f0bddd787.clvaw-cdnwnd.com\/546aebdfae2182283c8b2f449b0bfa4b\/200000141-0ed6d0ed6f\/452019103_8385746718115494_3226281102578595032_n.jpeg?ph=1f0bddd787\"><\/a><\/p>\n\n\n\n<p><a href=\"https:\/\/1f0bddd787.clvaw-cdnwnd.com\/546aebdfae2182283c8b2f449b0bfa4b\/200000195-75eb475eb6\/242246406_4222162904573580_8450610364073082640_n.jpeg?ph=1f0bddd787\"><\/a><\/p>\n\n\n\n<p><a href=\"https:\/\/1f0bddd787.clvaw-cdnwnd.com\/546aebdfae2182283c8b2f449b0bfa4b\/200000202-601cd601d0\/298664383_503928281540204_7977868056654370333_n.jpeg?ph=1f0bddd787\"><\/a><\/p>\n\n\n\n<p><a href=\"https:\/\/1f0bddd787.clvaw-cdnwnd.com\/546aebdfae2182283c8b2f449b0bfa4b\/200000261-9214092141\/977849_622861031077039_76325632_o.jpeg?ph=1f0bddd787\"><\/a><\/p>\n\n\n\n<p><a href=\"https:\/\/1f0bddd787.clvaw-cdnwnd.com\/546aebdfae2182283c8b2f449b0bfa4b\/200000262-a3496a3497\/13308324_1219457668066393_5260648662790114318_o.jpeg?ph=1f0bddd787\"><\/a><\/p>\n\n\n\n<p><a href=\"https:\/\/1f0bddd787.clvaw-cdnwnd.com\/546aebdfae2182283c8b2f449b0bfa4b\/200000699-4e39c4e39e\/camsiola-jogo-removebg-preview-5.png?ph=1f0bddd787\"><\/a><\/p>\n\n\n\n<p><a href=\"https:\/\/1f0bddd787.clvaw-cdnwnd.com\/546aebdfae2182283c8b2f449b0bfa4b\/200000684-2bb3b2bb3d\/Screenshot%202024-11-26%20at%2015.17.15.png?ph=1f0bddd787\"><\/a><\/p>\n\n\n\n<p><a href=\"https:\/\/1f0bddd787.clvaw-cdnwnd.com\/546aebdfae2182283c8b2f449b0bfa4b\/200000384-cf235cf238\/117869062_3320522484671214_4002842532364940073_n.jpeg?ph=1f0bddd787\"><\/a><\/p>\n\n\n\n<p><a href=\"https:\/\/1f0bddd787.clvaw-cdnwnd.com\/546aebdfae2182283c8b2f449b0bfa4b\/200000326-f25d2f25d4\/317941_3837493588346_1623345211_n-1.jpeg?ph=1f0bddd787\"><\/a><\/p>\n\n\n\n<p><a href=\"https:\/\/1f0bddd787.clvaw-cdnwnd.com\/546aebdfae2182283c8b2f449b0bfa4b\/200000449-47d1b47d1e\/59817183_846457349051247_736438440014381056_n.jpeg?ph=1f0bddd787\"><\/a><\/p>\n\n\n\n<p><a href=\"https:\/\/1f0bddd787.clvaw-cdnwnd.com\/546aebdfae2182283c8b2f449b0bfa4b\/200000448-283ab283ac\/60025496_846437415719907_7202994187883511808_n.jpeg?ph=1f0bddd787\"><\/a><\/p>\n","protected":false},"excerpt":{"rendered":"<p>A data de funda\u00e7\u00e3o do Centro Desportivo Universit\u00e1rio do Porto \u00e9 de 26 de novembro de 1949. Desde cedo que a Universidade do Porto contou com organismos de apoio aos estudantes. Os antecedentes dos atuais Servi\u00e7os de A\u00e7\u00e3o Social da Universidade do Porto (SASUP) datam de abril de 1939, ano em que surgiu o Centro [&hellip;]<\/p>\n","protected":false},"author":2,"featured_media":0,"parent":0,"menu_order":0,"comment_status":"closed","ping_status":"closed","template":"","meta":{"_acf_changed":false,"footnotes":""},"class_list":["post-6","page","type-page","status-publish","hentry"],"mb":[],"acf":[],"featured_image_url":[],"post_author":"","assigned_categories":"","jetpack_sharing_enabled":true,"mfb_rest_fields":["title","featured_image_url","post_author","assigned_categories","jetpack_sharing_enabled"],"_links":{"self":[{"href":"https:\/\/www.cdup.pt\/index.php?rest_route=\/wp\/v2\/pages\/6","targetHints":{"allow":["GET"]}}],"collection":[{"href":"https:\/\/www.cdup.pt\/index.php?rest_route=\/wp\/v2\/pages"}],"about":[{"href":"https:\/\/www.cdup.pt\/index.php?rest_route=\/wp\/v2\/types\/page"}],"author":[{"embeddable":true,"href":"https:\/\/www.cdup.pt\/index.php?rest_route=\/wp\/v2\/users\/2"}],"replies":[{"embeddable":true,"href":"https:\/\/www.cdup.pt\/index.php?rest_route=%2Fwp%2Fv2%2Fcomments&post=6"}],"version-history":[{"count":22,"href":"https:\/\/www.cdup.pt\/index.php?rest_route=\/wp\/v2\/pages\/6\/revisions"}],"predecessor-version":[{"id":17647,"href":"https:\/\/www.cdup.pt\/index.php?rest_route=\/wp\/v2\/pages\/6\/revisions\/17647"}],"wp:attachment":[{"href":"https:\/\/www.cdup.pt\/index.php?rest_route=%2Fwp%2Fv2%2Fmedia&parent=6"}],"curies":[{"name":"wp","href":"https:\/\/api.w.org\/{rel}","templated":true}]}}