{"id":3,"date":"2025-05-21T15:54:56","date_gmt":"2025-05-21T15:54:56","guid":{"rendered":"https:\/\/demo.cdup.pt\/?page_id=3"},"modified":"2025-10-30T15:52:02","modified_gmt":"2025-10-30T15:52:02","slug":"privacy-policy","status":"publish","type":"page","link":"https:\/\/www.cdup.pt\/?page_id=3","title":{"rendered":"Pol\u00edtica de Privacidade"},"content":{"rendered":"\n<p>Data de Vig\u00eancia: 31.08.2025<br>A sua privacidade \u00e9 importante para n\u00f3s. Esta pol\u00edtica de privacidade explica como coletamos, usamos, divulgamos e protegemos as suas informa\u00e7\u00f5es quando voc\u00ea visita o nosso site http:\/\/www.cdup.pt<\/p>\n\n\n\n<ol class=\"wp-block-list\">\n<li>Informa\u00e7\u00f5es que Coletamos<\/li>\n<\/ol>\n\n\n\n<ul class=\"wp-block-list\">\n<li>Pessoais: Nome, email, telefone, endere\u00e7o postal.<\/li>\n\n\n\n<li>Dados de Uso: Endere\u00e7o IP, tipo de navegador, p\u00e1ginas visitadas, tempo e data da visita.<\/li>\n\n\n\n<li>Cookies: Usamos cookies para melhorar a sua experi\u00eancia no site. Voc\u00ea pode configurar seu navegador para recusar cookies.<\/li>\n<\/ul>\n\n\n\n<ol start=\"2\" class=\"wp-block-list\">\n<li>Uso das Informa\u00e7\u00f5es<\/li>\n<\/ol>\n\n\n\n<ul class=\"wp-block-list\">\n<li>Para operar e melhorar o nosso site.<\/li>\n\n\n\n<li>Para comunica\u00e7\u00e3o e marketing.<\/li>\n\n\n\n<li>Para prevenir fraudes.<\/li>\n<\/ul>\n\n\n\n<ol start=\"3\" class=\"wp-block-list\">\n<li>Compartilhamento de Informa\u00e7\u00f5es<\/li>\n<\/ol>\n\n\n\n<ul class=\"wp-block-list\">\n<li>Com provedores de servi\u00e7os para operar o site.<\/li>\n\n\n\n<li>Para cumprir com a lei.<\/li>\n\n\n\n<li>Para proteger nossos direitos.<\/li>\n<\/ul>\n\n\n\n<ol start=\"4\" class=\"wp-block-list\">\n<li>Seguran\u00e7a<\/li>\n<\/ol>\n\n\n\n<ul class=\"wp-block-list\">\n<li>Utilizamos medidas de seguran\u00e7a para proteger suas informa\u00e7\u00f5es, mas n\u00e3o<br>podemos garantir seguran\u00e7a absoluta.<\/li>\n<\/ul>\n\n\n\n<ol start=\"5\" class=\"wp-block-list\">\n<li>Seus Direitos<\/li>\n<\/ol>\n\n\n\n<ul class=\"wp-block-list\">\n<li>Acessar, corrigir ou excluir suas informa\u00e7\u00f5es.<\/li>\n\n\n\n<li>Restringir ou se opor ao processamento.<\/li>\n\n\n\n<li>Solicitar a transfer\u00eancia de suas informa\u00e7\u00f5es.<\/li>\n<\/ul>\n\n\n\n<p>Altera\u00e7\u00f5es \u00e0 Pol\u00edtica Podemos atualizar esta pol\u00edtica periodicamente.<br>Recomendamos que voc\u00ea a revise regularmente.<\/p>\n","protected":false},"excerpt":{"rendered":"<p>Data de Vig\u00eancia: 31.08.2025A sua privacidade \u00e9 importante para n\u00f3s. Esta pol\u00edtica de privacidade explica como coletamos, usamos, divulgamos e protegemos as suas informa\u00e7\u00f5es quando voc\u00ea visita o nosso site http:\/\/www.cdup.pt Altera\u00e7\u00f5es \u00e0 Pol\u00edtica Podemos atualizar esta pol\u00edtica periodicamente.Recomendamos que voc\u00ea a revise regularmente.<\/p>\n","protected":false},"author":1,"featured_media":0,"parent":0,"menu_order":0,"comment_status":"closed","ping_status":"closed","template":"","meta":{"_acf_changed":false,"footnotes":""},"class_list":["post-3","page","type-page","status-publish","hentry"],"mb":[],"acf":[],"featured_image_url":[],"post_author":"cdup natacao","assigned_categories":"","jetpack_sharing_enabled":true,"mfb_rest_fields":["title","featured_image_url","post_author","assigned_categories","jetpack_sharing_enabled"],"_links":{"self":[{"href":"https:\/\/www.cdup.pt\/index.php?rest_route=\/wp\/v2\/pages\/3","targetHints":{"allow":["GET"]}}],"collection":[{"href":"https:\/\/www.cdup.pt\/index.php?rest_route=\/wp\/v2\/pages"}],"about":[{"href":"https:\/\/www.cdup.pt\/index.php?rest_route=\/wp\/v2\/types\/page"}],"author":[{"embeddable":true,"href":"https:\/\/www.cdup.pt\/index.php?rest_route=\/wp\/v2\/users\/1"}],"replies":[{"embeddable":true,"href":"https:\/\/www.cdup.pt\/index.php?rest_route=%2Fwp%2Fv2%2Fcomments&post=3"}],"version-history":[{"count":3,"href":"https:\/\/www.cdup.pt\/index.php?rest_route=\/wp\/v2\/pages\/3\/revisions"}],"predecessor-version":[{"id":17357,"href":"https:\/\/www.cdup.pt\/index.php?rest_route=\/wp\/v2\/pages\/3\/revisions\/17357"}],"wp:attachment":[{"href":"https:\/\/www.cdup.pt\/index.php?rest_route=%2Fwp%2Fv2%2Fmedia&parent=3"}],"curies":[{"name":"wp","href":"https:\/\/api.w.org\/{rel}","templated":true}]}}